{"id":485,"date":"2022-09-02T17:57:23","date_gmt":"2022-09-02T20:57:23","guid":{"rendered":"https:\/\/www.cervejariaaltezza.com.br\/site\/?page_id=485"},"modified":"2023-01-26T16:11:40","modified_gmt":"2023-01-26T19:11:40","slug":"pousada-altezza","status":"publish","type":"page","link":"https:\/\/www.cervejariaaltezza.com.br\/site\/pousada-altezza\/","title":{"rendered":"Pousada | Cervejaria Altezza"},"content":{"rendered":"\n<div class=\"wp-block-cover alignfull shadow-slider-home\" style=\"min-height:700px\"><span aria-hidden=\"true\" class=\"wp-block-cover__background has-nv-dark-bg-background-color has-background-dim-70 has-background-dim\"><\/span><img loading=\"lazy\" width=\"2560\" height=\"1707\" class=\"wp-block-cover__image-background wp-image-730\" alt=\"\" src=\"https:\/\/www.cervejariaaltezza.com.br\/site\/wp-content\/uploads\/2022\/09\/capa-pousada-scaled.jpg\" data-object-fit=\"cover\" srcset=\"https:\/\/www.cervejariaaltezza.com.br\/site\/wp-content\/uploads\/2022\/09\/capa-pousada-scaled.jpg 2560w, https:\/\/www.cervejariaaltezza.com.br\/site\/wp-content\/uploads\/2022\/09\/capa-pousada-300x200.jpg 300w, https:\/\/www.cervejariaaltezza.com.br\/site\/wp-content\/uploads\/2022\/09\/capa-pousada-1024x683.jpg 1024w, https:\/\/www.cervejariaaltezza.com.br\/site\/wp-content\/uploads\/2022\/09\/capa-pousada-768x512.jpg 768w, https:\/\/www.cervejariaaltezza.com.br\/site\/wp-content\/uploads\/2022\/09\/capa-pousada-1600x1067.jpg 1600w, https:\/\/www.cervejariaaltezza.com.br\/site\/wp-content\/uploads\/2022\/09\/capa-pousada-1536x1024.jpg 1536w, https:\/\/www.cervejariaaltezza.com.br\/site\/wp-content\/uploads\/2022\/09\/capa-pousada-2048x1365.jpg 2048w, https:\/\/www.cervejariaaltezza.com.br\/site\/wp-content\/uploads\/2022\/09\/capa-pousada-930x620.jpg 930w\" sizes=\"(max-width: 2560px) 100vw, 2560px\" \/><div class=\"wp-block-cover__inner-container\"><div class=\"wp-block-image\">\n<figure class=\"aligncenter size-full\"><img loading=\"lazy\" width=\"350\" height=\"350\" src=\"https:\/\/www.cervejariaaltezza.com.br\/site\/wp-content\/uploads\/2022\/09\/logo-via-olivari.png\" alt=\"\" class=\"wp-image-783\" srcset=\"https:\/\/www.cervejariaaltezza.com.br\/site\/wp-content\/uploads\/2022\/09\/logo-via-olivari.png 350w, https:\/\/www.cervejariaaltezza.com.br\/site\/wp-content\/uploads\/2022\/09\/logo-via-olivari-300x300.png 300w, https:\/\/www.cervejariaaltezza.com.br\/site\/wp-content\/uploads\/2022\/09\/logo-via-olivari-150x150.png 150w\" sizes=\"(max-width: 350px) 100vw, 350px\" \/><\/figure><\/div>\n\n\n<h1 class=\"has-text-align-center space-bottom-none has-neve-link-hover-color-color has-text-color\">Pousada Via Olivari<\/h1>\n\n\n\n<p class=\"has-text-align-center\">Anexa a Cervejaria Altezza<\/p>\n\n\n\n<h3 class=\"has-text-align-center space-bottom-none has-large-font-size\"><mark style=\"background-color:rgba(0, 0, 0, 0)\" class=\"has-inline-color has-neve-link-hover-color-color\">&#8220;B&amp;B&#8221; <\/mark><\/h3>\n\n\n\n<h4 class=\"has-text-align-center\"><mark style=\"background-color:rgba(0, 0, 0, 0)\" class=\"has-inline-color has-neve-link-hover-color-color\">Bed &amp; Breakfast<\/mark> <\/h4>\n\n\n\n<p><\/p>\n\n\n\n<p class=\"has-text-align-center\">A Pousada Via Olivari disp\u00f5e de bar, restaurante, jardim, terra\u00e7o e quartos para fam\u00edlia. Os quartos possuem banheiro privativo. Algumas su\u00edtes com sacada e vista para a Pedra Azul. O caf\u00e9 da manh\u00e3 \u00e9 servido diariamente na pousada.<\/p>\n\n\n\n<div class=\"wp-container-1 wp-block-buttons\">\n<div class=\"wp-block-button aligncenter is-style-primary\"><a class=\"wp-block-button__link\" href=\"https:\/\/wa.me\/5527 988478545\">Reservas &gt;<\/a><\/div>\n<\/div>\n\n\n\n<div style=\"height:100px\" aria-hidden=\"true\" class=\"wp-block-spacer\"><\/div>\n<\/div><\/div>\n\n\n\n<div class=\"wp-block-cover alignfull is-repeated\" style=\"background-image:url(https:\/\/www.cervejariaaltezza.com.br\/site\/wp-content\/uploads\/2022\/08\/pub_BG.jpg)\"><span aria-hidden=\"true\" class=\"wp-block-cover__background has-nv-dark-bg-background-color has-background-dim-60 has-background-dim\"><\/span><div class=\"wp-block-cover__inner-container\">\n<div style=\"height:100px\" aria-hidden=\"true\" class=\"wp-block-spacer\"><\/div>\n\n\n\n<p class=\"has-text-align-center\">Seja bem-vindo, conhe\u00e7a nossas su\u00edtes e tenha uma estadia maravilhosa. Conhe\u00e7a um pouco mais sobre a Pousada Via Olivari, uma casa em estilo r\u00fastico, agrad\u00e1vel e comodidades. Estamos localizados na Rota dos Lagos, onde voc\u00ea ir\u00e1 encontrar v\u00e1rios locais para visita e experimentar momentos \u00fanicos.<\/p>\n\n\n\n<div style=\"height:100px\" aria-hidden=\"true\" class=\"wp-block-spacer\"><\/div>\n\n\n\n<h2 class=\"has-text-align-center has-neve-link-hover-color-color has-text-color has-large-font-size\">\u00c1rea Comum<\/h2>\n\n\n<div class=\"wp-block-image\">\n<figure class=\"aligncenter size-full is-resized\"><img loading=\"lazy\" src=\"https:\/\/www.cervejariaaltezza.com.br\/site\/wp-content\/uploads\/2022\/08\/cevada.png\" alt=\"\" class=\"wp-image-144\" width=\"198\" height=\"20\"\/><\/figure><\/div>\n\n\n<p class=\"has-text-align-center\">Comodidades: Vista para as montanhas, estacionamento inclu\u00eddo,  Wi-Fi, TV e restaurante. Estadias de longa dura\u00e7\u00e3o s\u00e3o permitidas. Para mais detalhes entre em contato conosco.<\/p>\n\n\n\n<div style=\"height:80px\" aria-hidden=\"true\" class=\"wp-block-spacer\"><\/div>\n\n\n<div class=\"rl-gallery-container rl-loading\" id=\"rl-gallery-container-1\" data-gallery_id=\"747\"> <div class=\"rl-gallery rl-basicgrid-gallery rl-hover-icon-9\" id=\"rl-gallery-1\" data-gallery_no=\"1\"> <div class=\"rl-gallery-item\"><a href=\"https:\/\/www.cervejariaaltezza.com.br\/site\/wp-content\/uploads\/2022\/09\/pousada-alatezza6-768x345.jpg\" title=\"\" data-rl_title=\"\" class=\"rl-gallery-link\" data-rl_caption=\"\" data-rel=\"lightbox-gallery-1\" data-magnific_type=\"gallery\"><img src=\"https:\/\/www.cervejariaaltezza.com.br\/site\/wp-content\/uploads\/2022\/09\/pousada-alatezza6-768x345.jpg\" width=\"768\" height=\"345\" \/><\/a><\/div><div class=\"rl-gallery-item\"><a href=\"https:\/\/www.cervejariaaltezza.com.br\/site\/wp-content\/uploads\/2022\/09\/pousada-alatezza5_logo-768x345.jpg\" title=\"\" data-rl_title=\"\" class=\"rl-gallery-link\" data-rl_caption=\"\" data-rel=\"lightbox-gallery-1\" data-magnific_type=\"gallery\"><img src=\"https:\/\/www.cervejariaaltezza.com.br\/site\/wp-content\/uploads\/2022\/09\/pousada-alatezza5_logo-768x345.jpg\" width=\"768\" height=\"345\" \/><\/a><\/div><div class=\"rl-gallery-item\"><a href=\"https:\/\/www.cervejariaaltezza.com.br\/site\/wp-content\/uploads\/2022\/09\/pousada-alatezza4_logo-768x345.jpg\" title=\"\" data-rl_title=\"\" class=\"rl-gallery-link\" data-rl_caption=\"\" data-rel=\"lightbox-gallery-1\" data-magnific_type=\"gallery\"><img src=\"https:\/\/www.cervejariaaltezza.com.br\/site\/wp-content\/uploads\/2022\/09\/pousada-alatezza4_logo-768x345.jpg\" width=\"768\" height=\"345\" \/><\/a><\/div><div class=\"rl-gallery-item\"><a href=\"https:\/\/www.cervejariaaltezza.com.br\/site\/wp-content\/uploads\/2022\/09\/pousada-alatezza3_logo-768x345.jpg\" title=\"\" data-rl_title=\"\" class=\"rl-gallery-link\" data-rl_caption=\"\" data-rel=\"lightbox-gallery-1\" data-magnific_type=\"gallery\"><img src=\"https:\/\/www.cervejariaaltezza.com.br\/site\/wp-content\/uploads\/2022\/09\/pousada-alatezza3_logo-768x345.jpg\" width=\"768\" height=\"345\" \/><\/a><\/div><div class=\"rl-gallery-item\"><a href=\"https:\/\/www.cervejariaaltezza.com.br\/site\/wp-content\/uploads\/2022\/09\/pousada-alatezza2_logo-768x345.jpg\" title=\"\" data-rl_title=\"\" class=\"rl-gallery-link\" data-rl_caption=\"\" data-rel=\"lightbox-gallery-1\" data-magnific_type=\"gallery\"><img src=\"https:\/\/www.cervejariaaltezza.com.br\/site\/wp-content\/uploads\/2022\/09\/pousada-alatezza2_logo-768x345.jpg\" width=\"768\" height=\"345\" \/><\/a><\/div><div class=\"rl-gallery-item\"><a href=\"https:\/\/www.cervejariaaltezza.com.br\/site\/wp-content\/uploads\/2022\/09\/pousada-alatezza1_logo-768x345.jpg\" title=\"\" data-rl_title=\"\" class=\"rl-gallery-link\" data-rl_caption=\"\" data-rel=\"lightbox-gallery-1\" data-magnific_type=\"gallery\"><img src=\"https:\/\/www.cervejariaaltezza.com.br\/site\/wp-content\/uploads\/2022\/09\/pousada-alatezza1_logo-768x345.jpg\" width=\"768\" height=\"345\" \/><\/a><\/div> <\/div> <\/div>\n\n\n\n<div style=\"height:100px\" aria-hidden=\"true\" class=\"wp-block-spacer\"><\/div>\n\n\n\n<div style=\"height:100px\" aria-hidden=\"true\" class=\"wp-block-spacer\"><\/div>\n<\/div><\/div>\n\n\n\n<div class=\"wp-block-cover alignfull is-repeated\" style=\"background-image:url(https:\/\/www.cervejariaaltezza.com.br\/site\/wp-content\/uploads\/2022\/08\/pub_BG.jpg);min-height:600px\"><span aria-hidden=\"true\" class=\"wp-block-cover__background has-nv-dark-bg-background-color has-background-dim-60 has-background-dim\"><\/span><div class=\"wp-block-cover__inner-container\">\n<div class=\"wp-container-7 wp-block-group\"><div class=\"wp-block-group__inner-container\">\n<h2 class=\"has-text-align-center has-neve-link-hover-color-color has-text-color has-large-font-size\">Nossas su\u00edtes<\/h2>\n\n\n<div class=\"wp-block-image\">\n<figure class=\"aligncenter size-full is-resized\"><img loading=\"lazy\" src=\"https:\/\/www.cervejariaaltezza.com.br\/site\/wp-content\/uploads\/2022\/08\/cevada.png\" alt=\"\" class=\"wp-image-144\" width=\"198\" height=\"20\"\/><\/figure><\/div>\n\n\n<div style=\"height:120px\" aria-hidden=\"true\" class=\"wp-block-spacer\"><\/div>\n\n\n\n<div class=\"wp-container-6 wp-block-columns are-vertically-aligned-center\">\n<div class=\"wp-container-3 wp-block-column is-vertically-aligned-center\" style=\"flex-basis:50%\">\n<figure class=\"wp-block-image size-full line-bottom-ouro\"><img loading=\"lazy\" width=\"600\" height=\"600\" src=\"https:\/\/www.cervejariaaltezza.com.br\/site\/wp-content\/uploads\/2022\/09\/card-pousada-01.jpg\" alt=\"\" class=\"wp-image-490\" srcset=\"https:\/\/www.cervejariaaltezza.com.br\/site\/wp-content\/uploads\/2022\/09\/card-pousada-01.jpg 600w, https:\/\/www.cervejariaaltezza.com.br\/site\/wp-content\/uploads\/2022\/09\/card-pousada-01-300x300.jpg 300w, https:\/\/www.cervejariaaltezza.com.br\/site\/wp-content\/uploads\/2022\/09\/card-pousada-01-150x150.jpg 150w\" sizes=\"(max-width: 600px) 100vw, 600px\" \/><\/figure>\n\n\n\n<h3 class=\"has-text-align-center has-nv-light-bg-color has-text-color\">Su\u00edte P\u00e9rola Negra<\/h3>\n\n\n\n<p class=\"has-text-align-center\">Cuidadosamente decorada proporcionando conforto e sofistica\u00e7\u00e3o. Essa su\u00edte perfeita para casal e um banheiro amplo.<\/p>\n\n\n\n<div class=\"wp-container-2 is-content-justification-center wp-block-buttons\">\n<div class=\"wp-block-button is-style-primary\"><a class=\"wp-block-button__link\" href=\"https:\/\/cervejariaaltezza.com.br\/site\/pousada-alteezza-perola-negra\">Saiba mais &gt;<\/a><\/div>\n<\/div>\n\n\n\n<div style=\"height:40px\" aria-hidden=\"true\" class=\"wp-block-spacer\"><\/div>\n<\/div>\n\n\n\n<div class=\"wp-container-5 wp-block-column is-vertically-aligned-center\" style=\"flex-basis:50%\">\n<figure class=\"wp-block-image size-full line-bottom-ouro\"><img loading=\"lazy\" width=\"600\" height=\"600\" src=\"https:\/\/www.cervejariaaltezza.com.br\/site\/wp-content\/uploads\/2022\/09\/card-pousada-02.jpg\" alt=\"\" class=\"wp-image-492\" srcset=\"https:\/\/www.cervejariaaltezza.com.br\/site\/wp-content\/uploads\/2022\/09\/card-pousada-02.jpg 600w, https:\/\/www.cervejariaaltezza.com.br\/site\/wp-content\/uploads\/2022\/09\/card-pousada-02-300x300.jpg 300w, https:\/\/www.cervejariaaltezza.com.br\/site\/wp-content\/uploads\/2022\/09\/card-pousada-02-150x150.jpg 150w\" sizes=\"(max-width: 600px) 100vw, 600px\" \/><\/figure>\n\n\n\n<h3 class=\"has-text-align-center has-nv-light-bg-color has-text-color\">Su\u00edte Imigratti<\/h3>\n\n\n\n<p class=\"has-text-align-center\">Com um ambiente r\u00fastico e acolhedor, se torna uma perfeita op\u00e7\u00e3o para quem quer desfrutar do friozinho das montanhas. Tem capacidade para um casal.<\/p>\n\n\n\n<div class=\"wp-container-4 is-content-justification-center wp-block-buttons\">\n<div class=\"wp-block-button is-style-primary\"><a class=\"wp-block-button__link\" href=\"https:\/\/cervejariaaltezza.com.br\/site\/pousada-altezza-suite-imigratti\">Saiba mais &gt;<\/a><\/div>\n<\/div>\n\n\n\n<div style=\"height:40px\" aria-hidden=\"true\" class=\"wp-block-spacer\"><\/div>\n<\/div>\n<\/div>\n\n\n\n<div style=\"height:40px\" aria-hidden=\"true\" class=\"wp-block-spacer\"><\/div>\n<\/div><\/div>\n<\/div><\/div>\n\n\n\n<div class=\"wp-block-cover alignfull\" style=\"min-height:300px\"><span aria-hidden=\"true\" class=\"wp-block-cover__background has-nv-dark-bg-background-color has-background-dim-100 has-background-dim\"><\/span><div class=\"wp-block-cover__inner-container\">\n<div style=\"height:80px\" aria-hidden=\"true\" class=\"wp-block-spacer\"><\/div>\n\n\n\n<h2 class=\"has-text-align-center has-neve-link-hover-color-color has-text-color has-large-font-size\">Nossos clientes<\/h2>\n\n\n<div class=\"wp-block-image\">\n<figure class=\"aligncenter size-full is-resized\"><img loading=\"lazy\" src=\"https:\/\/www.cervejariaaltezza.com.br\/site\/wp-content\/uploads\/2022\/08\/cevada.png\" alt=\"\" class=\"wp-image-144\" width=\"198\" height=\"20\"\/><\/figure><\/div>\n\n\n<div style=\"height:30px\" aria-hidden=\"true\" class=\"wp-block-spacer\"><\/div>\n\n\n\n<div style=\"height:30px\" aria-hidden=\"true\" class=\"wp-block-spacer\"><\/div>\n\n\n<div id=\"gutenslider-t0kdv1qr5\" class=\"wp-block-eedee-block-gutenslider content-change align arrow-style-1 arrow-position-sides arrow-mb-none arrows-lg arrows-md arrows-sm dot-style-1 dots-lg-none dots-md-none dots-sm-none dot-position-bottom is-position-center-center mb-none\" style=\"--gutenslider-min-height: 20vh;--gutenslider-arrow-size: 30px;--gutenslider-dot-size: 25px;--gutenslider-arrow-color: #ffffff;--gutenslider-dot-color: #ffffff;--gutenslider-padding-y-mobile: 40px;--gutenslider-padding-x-mobile: 40px;--gutenslider-padding-y-tablet: 40px;--gutenslider-padding-x-tablet: 40px;--gutenslider-padding-y-desktop: 40px;--gutenslider-padding-x-desktop: 40px;--gutenslider-bg-image: url();--gutenslider-min-height-md: 50vh;--gutenslider-min-height-sm: 50vh;--gutenslider-padding-x: 50px;--gutenslider-padding-x-md: 50px;--gutenslider-padding-x-sm: 50px;--gutenslider-padding-y: 0px;--gutenslider-padding-y-md: 0px;--gutenslider-padding-y-sm: 0px;--gutenslider-arrow-size-md: 30px;--gutenslider-arrow-size-sm: 30px;--gutenslider-dot-size-md: 25px;--gutenslider-dot-size-sm: 25px;--gutenslider-arrow-bg-color: transparent;--gutenslider-arrow-hover-color: #eeeeee;--gutenslider-arrow-bg-hover-color: transparent;--gutenslider-arrow-x-offset: 10px;--gutenslider-arrow-x-offset-md: 10px;--gutenslider-arrow-x-offset-sm: 10px;--gutenslider-arrow-y-offset: 0px;--gutenslider-arrow-y-offset-md: 0px;--gutenslider-arrow-y-offset-sm: 0px;--gutenslider-arrow-x-spacing: 0px;--gutenslider-dot-y-offset: -59px;--gutenslider-dot-y-offset-md: -62px;--gutenslider-dot-y-offset-sm: -66px;--gutenslider-margin-x: 0px;--gutenslider-margin-x-md: 0px;--gutenslider-margin-x-sm: 0px;--gutenslider-margin-y: 0px;--gutenslider-margin-y-md: 0px;--gutenslider-margin-y-sm: 0px;--gutenslider-divider-top: 60px;--gutenslider-divider-bottom: 60px;--gutenslider-lightgallery-bg: #ffffff;--gutenslider-lightgallery-font: #000000;\" data-parallax-direction=\"down\" data-parallax-amount=\"1.3\" data-lg-transition=\"lg-slide\" data-hash=\"\"><div class=\"eedee-swiper-outer\"><div class=\"swiper\" data-settings='{\"autoplay\":{\"delay\":3000,\"pauseOnMouseEnter\":true,\"disableOnInteraction\":false},\"speed\":700,\"direction\":\"horizontal\",\"autoHeight\":\"\",\"loop\":true,\"centeredSlides\":true,\"spaceBetween\":0,\"slidesPerView\":1,\"slidesPerGroup\":1,\"effect\":\"flip\",\"coverflowEffect\":{\"rotate\":30,\"slideShadows\":false,\"depth\":100,\"stretch\":50,\"modifier\":1},\"fadeEffect\":{\"crossFade\":true},\"zoom\":\"\",\"navigation\":{\"nextEl\":\"#gutenslider-t0kdv1qr5 .eedee-gutenslider-next\",\"prevEl\":\"#gutenslider-t0kdv1qr5 .eedee-gutenslider-prev\"},\"pagination\":{\"type\":\"bullets\",\"clickable\":true,\"dynamicBullets\":false,\"el\":\"#gutenslider-t0kdv1qr5 .eedee-gutenslider-pagination\"},\"pauseOnHover\":\"1\",\"watchSlidesProgress\":true,\"watchSlidesVisibility\":true,\"settingsMd\":{\"autoHeight\":\"\",\"slidesPerView\":1,\"slidesPerGroup\":1,\"spaceBetween\":0},\"settingsLg\":{\"autoHeight\":\"\",\"slidesPerView\":1,\"slidesPerGroup\":1,\"spaceBetween\":0},\"hasLg\":false,\"hasLgCounter\":true,\"isFullScreen\":false,\"arrowsFollowMouse\":false,\"lgTitle\":\"none\",\"lgCaption\":\"none\",\"lgThumbnails\":true,\"keyboard\":{\"keyboard\":{\"enabled\":true,\"onlyInViewport\":true}},\"hashNavigation\":false}'><div class=\"swiper-wrapper\">\n<div class=\"swiper-slide wp-block-eedee-block-gutenslide is-position-top-center ed-bg-none\" style=\"--slide-min-width:50%;\" data-hash=\"\"><div class=\"eedee-background-div no-media-background\"><div class=\"eedee-background-div__overlay\" style=\"opacity:1;\"><\/div><\/div><div class=\"slide-content\">\n<div class=\"wp-block-image is-style-rounded\">\n<figure class=\"aligncenter size-full is-resized\"><img loading=\"lazy\" src=\"https:\/\/www.cervejariaaltezza.com.br\/site\/wp-content\/uploads\/2022\/09\/patricia.jpg\" alt=\"\" class=\"wp-image-682\" width=\"125\" height=\"125\" srcset=\"https:\/\/www.cervejariaaltezza.com.br\/site\/wp-content\/uploads\/2022\/09\/patricia.jpg 250w, https:\/\/www.cervejariaaltezza.com.br\/site\/wp-content\/uploads\/2022\/09\/patricia-150x150.jpg 150w\" sizes=\"(max-width: 125px) 100vw, 125px\" \/><figcaption>Patr\u00edcia, Rio de Janeiro<\/figcaption><\/figure><\/div>\n\n\n<p class=\"has-text-align-center\"><\/p>\n\n\n\n<p class=\"has-text-align-center\">Anfitri\u00f5es \u00f3timos, muito sol\u00edcitos. Quartos muito limpo, banheiro \u00f3timo. Caf\u00e9 da manh\u00e3 muito bom. Estadia excelente. Voltaremos com certeza!<\/p>\n\n\n\n<p class=\"has-text-align-center gutenslider-content-initial has-normal-font-size\"><img draggable=\"false\" role=\"img\" class=\"emoji\" alt=\"\u2b50\" src=\"https:\/\/s.w.org\/images\/core\/emoji\/13.0.1\/svg\/2b50.svg\"><img draggable=\"false\" role=\"img\" class=\"emoji\" alt=\"\u2b50\" src=\"https:\/\/s.w.org\/images\/core\/emoji\/13.0.1\/svg\/2b50.svg\"><img draggable=\"false\" role=\"img\" class=\"emoji\" alt=\"\u2b50\" src=\"https:\/\/s.w.org\/images\/core\/emoji\/13.0.1\/svg\/2b50.svg\"><img draggable=\"false\" role=\"img\" class=\"emoji\" alt=\"\u2b50\" src=\"https:\/\/s.w.org\/images\/core\/emoji\/13.0.1\/svg\/2b50.svg\"><img draggable=\"false\" role=\"img\" class=\"emoji\" alt=\"\u2b50\" src=\"https:\/\/s.w.org\/images\/core\/emoji\/13.0.1\/svg\/2b50.svg\"><\/p>\n\n<\/div><\/div>\n\n<div class=\"swiper-slide wp-block-eedee-block-gutenslide is-position-top-center ed-bg-none\" style=\"--slide-min-width:50%;\" data-hash=\"\"><div class=\"eedee-background-div no-media-background\"><div class=\"eedee-background-div__overlay\" style=\"opacity:1;\"><\/div><\/div><div class=\"slide-content\">\n<div class=\"wp-block-image is-style-rounded\">\n<figure class=\"aligncenter size-full is-resized\"><img loading=\"lazy\" src=\"https:\/\/www.cervejariaaltezza.com.br\/site\/wp-content\/uploads\/2022\/09\/eber.jpg\" alt=\"\" class=\"wp-image-685\" width=\"125\" height=\"125\" srcset=\"https:\/\/www.cervejariaaltezza.com.br\/site\/wp-content\/uploads\/2022\/09\/eber.jpg 250w, https:\/\/www.cervejariaaltezza.com.br\/site\/wp-content\/uploads\/2022\/09\/eber-150x150.jpg 150w\" sizes=\"(max-width: 125px) 100vw, 125px\" \/><figcaption>Ebert<\/figcaption><\/figure><\/div>\n\n\n<p class=\"has-text-align-center\"><\/p>\n\n\n\n<p class=\"has-text-align-center\">Os anfitri\u00f5es \u00c2ngelo e Regina foram excelentes e nos fizeram nos sentir em casa. Ambiente muito agrad\u00e1vel, quarto muito aconchegante e um caf\u00e9 da manh\u00e3 maravilhoso. Nota 10<\/p>\n\n\n\n<p class=\"has-text-align-center gutenslider-content-initial has-normal-font-size\"><img draggable=\"false\" role=\"img\" class=\"emoji\" alt=\"\u2b50\" src=\"https:\/\/s.w.org\/images\/core\/emoji\/13.0.1\/svg\/2b50.svg\"><img draggable=\"false\" role=\"img\" class=\"emoji\" alt=\"\u2b50\" src=\"https:\/\/s.w.org\/images\/core\/emoji\/13.0.1\/svg\/2b50.svg\"><img draggable=\"false\" role=\"img\" class=\"emoji\" alt=\"\u2b50\" src=\"https:\/\/s.w.org\/images\/core\/emoji\/13.0.1\/svg\/2b50.svg\"><img draggable=\"false\" role=\"img\" class=\"emoji\" alt=\"\u2b50\" src=\"https:\/\/s.w.org\/images\/core\/emoji\/13.0.1\/svg\/2b50.svg\"><img draggable=\"false\" role=\"img\" class=\"emoji\" alt=\"\u2b50\" src=\"https:\/\/s.w.org\/images\/core\/emoji\/13.0.1\/svg\/2b50.svg\"><\/p>\n\n<\/div><\/div>\n\n<div class=\"swiper-slide wp-block-eedee-block-gutenslide is-position-top-center ed-bg-none\" style=\"--slide-min-width:50%;\" data-hash=\"\"><div class=\"eedee-background-div no-media-background\"><div class=\"eedee-background-div__overlay\" style=\"opacity:1;\"><\/div><\/div><div class=\"slide-content\">\n<div class=\"wp-block-image is-style-rounded\">\n<figure class=\"aligncenter size-full is-resized\"><img loading=\"lazy\" src=\"https:\/\/www.cervejariaaltezza.com.br\/site\/wp-content\/uploads\/2022\/09\/suite0101.jpg\" alt=\"\" class=\"wp-image-686\" width=\"125\" height=\"125\" srcset=\"https:\/\/www.cervejariaaltezza.com.br\/site\/wp-content\/uploads\/2022\/09\/suite0101.jpg 250w, https:\/\/www.cervejariaaltezza.com.br\/site\/wp-content\/uploads\/2022\/09\/suite0101-150x150.jpg 150w\" sizes=\"(max-width: 125px) 100vw, 125px\" \/><\/figure><\/div>\n\n\n<p class=\"has-text-align-center\"><\/p>\n\n\n\n<p class=\"has-text-align-center\">Muito encantada com a Altezza\u2026 quarto maravilhoso\u2026 a casa toda \u00e9 de uma delicadeza e muito bom gosto\u2026 o restaurante da Altezza \u00e9 muito bom\u2026 a Sra Regina \u00e9 muito atenciosa, assim como o Phelipe.<\/p>\n\n\n\n<p class=\"has-text-align-center gutenslider-content-initial has-normal-font-size\"><img draggable=\"false\" role=\"img\" class=\"emoji\" alt=\"\u2b50\" src=\"https:\/\/s.w.org\/images\/core\/emoji\/13.0.1\/svg\/2b50.svg\"><img draggable=\"false\" role=\"img\" class=\"emoji\" alt=\"\u2b50\" src=\"https:\/\/s.w.org\/images\/core\/emoji\/13.0.1\/svg\/2b50.svg\"><img draggable=\"false\" role=\"img\" class=\"emoji\" alt=\"\u2b50\" src=\"https:\/\/s.w.org\/images\/core\/emoji\/13.0.1\/svg\/2b50.svg\"><img draggable=\"false\" role=\"img\" class=\"emoji\" alt=\"\u2b50\" src=\"https:\/\/s.w.org\/images\/core\/emoji\/13.0.1\/svg\/2b50.svg\"><img draggable=\"false\" role=\"img\" class=\"emoji\" alt=\"\u2b50\" src=\"https:\/\/s.w.org\/images\/core\/emoji\/13.0.1\/svg\/2b50.svg\"><\/p>\n\n<\/div><\/div>\n<\/div><\/div><button class=\"eedee-gutenslider-nav eedee-gutenslider-prev\"><svg xmlns=\"http:\/\/www.w3.org\/2000\/svg\" viewBox=\"0 0 24 24\" width=\"24\" height=\"24\"><circle class=\"bg\" cx=\"13\" cy=\"12\" r=\"11\" \/><path fill=\"none\" d=\"M0 0h24v24H0z\"\/><path class=\"arrow\" d=\"M10.828 12l4.95 4.95-1.414 1.414L8 12l6.364-6.364 1.414 1.414z\"\/><\/svg><\/button><button class=\"eedee-gutenslider-nav eedee-gutenslider-next\"><svg xmlns=\"http:\/\/www.w3.org\/2000\/svg\" viewBox=\"0 0 24 24\" width=\"24\" height=\"24\"><circle class=\"bg\" cx=\"11\" cy=\"12\" r=\"11\" \/><path fill=\"none\" d=\"M0 0h24v24H0z\"\/><path class=\"arrow\" d=\"M13.172 12l-4.95-4.95 1.414-1.414L16 12l-6.364 6.364-1.414-1.414z\"\/><\/svg><\/button><div class=\"eedee-gutenslider-pagination\"><\/div><\/div><\/div>\n\n\n<div style=\"height:80px\" aria-hidden=\"true\" class=\"wp-block-spacer\"><\/div>\n\n\n\n<div style=\"height:100px\" aria-hidden=\"true\" class=\"wp-block-spacer\"><\/div>\n<\/div><\/div>\n","protected":false},"excerpt":{"rendered":"","protected":false},"author":1,"featured_media":0,"parent":0,"menu_order":0,"comment_status":"closed","ping_status":"closed","template":"","meta":{"neve_meta_sidebar":"","neve_meta_container":"","neve_meta_enable_content_width":"on","neve_meta_content_width":95,"neve_meta_title_alignment":"","neve_meta_author_avatar":"","neve_post_elements_order":"","neve_meta_disable_header":"","neve_meta_disable_footer":"","neve_meta_disable_title":"on","neve_meta_reading_time":"","_ti_tpc_template_sync":false,"_ti_tpc_template_id":"","_joinchat":[]},"featured_image_urls":{"full":"","thumbnail":"","medium":"","medium_large":"","large":"","xl":"","xxl":"","xxxl":"","xxxxl":"","xxxxxl":"","1536x1536":"","2048x2048":"","neve-blog":""},"post_excerpt_stackable":"<p>Pousada Via Olivari Anexa a Cervejaria Altezza &#8220;B&amp;B&#8221; Bed &amp; Breakfast A Pousada Via Olivari disp\u00f5e de bar, restaurante, jardim, terra\u00e7o e quartos para fam\u00edlia. Os quartos possuem banheiro privativo. Algumas su\u00edtes com sacada e vista para a Pedra Azul. O caf\u00e9 da manh\u00e3 \u00e9 servido diariamente na pousada. Reservas &gt; Seja bem-vindo, conhe\u00e7a nossas su\u00edtes e tenha uma estadia maravilhosa. Conhe\u00e7a um pouco mais sobre a Pousada Via Olivari, uma casa em estilo r\u00fastico, agrad\u00e1vel e comodidades. Estamos localizados na Rota dos Lagos, onde voc\u00ea ir\u00e1 encontrar v\u00e1rios locais para visita e experimentar momentos \u00fanicos. \u00c1rea Comum Comodidades: Vista&hellip;<\/p>\n","category_list":"","author_info":{"name":"admin_altezza","url":"https:\/\/www.cervejariaaltezza.com.br\/site\/author\/admin_altezza\/"},"comments_num":"0 comments","_links":{"self":[{"href":"https:\/\/www.cervejariaaltezza.com.br\/site\/wp-json\/wp\/v2\/pages\/485"}],"collection":[{"href":"https:\/\/www.cervejariaaltezza.com.br\/site\/wp-json\/wp\/v2\/pages"}],"about":[{"href":"https:\/\/www.cervejariaaltezza.com.br\/site\/wp-json\/wp\/v2\/types\/page"}],"author":[{"embeddable":true,"href":"https:\/\/www.cervejariaaltezza.com.br\/site\/wp-json\/wp\/v2\/users\/1"}],"replies":[{"embeddable":true,"href":"https:\/\/www.cervejariaaltezza.com.br\/site\/wp-json\/wp\/v2\/comments?post=485"}],"version-history":[{"count":1,"href":"https:\/\/www.cervejariaaltezza.com.br\/site\/wp-json\/wp\/v2\/pages\/485\/revisions"}],"predecessor-version":[{"id":1612,"href":"https:\/\/www.cervejariaaltezza.com.br\/site\/wp-json\/wp\/v2\/pages\/485\/revisions\/1612"}],"wp:attachment":[{"href":"https:\/\/www.cervejariaaltezza.com.br\/site\/wp-json\/wp\/v2\/media?parent=485"}],"curies":[{"name":"wp","href":"https:\/\/api.w.org\/{rel}","templated":true}]}}