{"id":638,"date":"2022-09-08T15:57:35","date_gmt":"2022-09-08T18:57:35","guid":{"rendered":"https:\/\/www.cervejariaaltezza.com.br\/site\/?page_id=638"},"modified":"2023-01-20T17:32:15","modified_gmt":"2023-01-20T20:32:15","slug":"pousada-alteezza-perola-negra","status":"publish","type":"page","link":"https:\/\/www.cervejariaaltezza.com.br\/site\/pousada-alteezza-perola-negra\/","title":{"rendered":"Pousada | Cervejaria Altezza | Perola Negra"},"content":{"rendered":"\n<div class=\"wp-block-cover alignfull shadow-slider-home\" style=\"min-height:700px\"><span aria-hidden=\"true\" class=\"wp-block-cover__background has-nv-dark-bg-background-color has-background-dim-70 has-background-dim\"><\/span><img loading=\"lazy\" width=\"1920\" height=\"1280\" class=\"wp-block-cover__image-background wp-image-642\" alt=\"\" src=\"https:\/\/www.cervejariaaltezza.com.br\/site\/wp-content\/uploads\/2022\/09\/perola-negra.jpg\" data-object-fit=\"cover\" srcset=\"https:\/\/www.cervejariaaltezza.com.br\/site\/wp-content\/uploads\/2022\/09\/perola-negra.jpg 1920w, https:\/\/www.cervejariaaltezza.com.br\/site\/wp-content\/uploads\/2022\/09\/perola-negra-300x200.jpg 300w, https:\/\/www.cervejariaaltezza.com.br\/site\/wp-content\/uploads\/2022\/09\/perola-negra-1024x683.jpg 1024w, https:\/\/www.cervejariaaltezza.com.br\/site\/wp-content\/uploads\/2022\/09\/perola-negra-768x512.jpg 768w, https:\/\/www.cervejariaaltezza.com.br\/site\/wp-content\/uploads\/2022\/09\/perola-negra-1600x1067.jpg 1600w, https:\/\/www.cervejariaaltezza.com.br\/site\/wp-content\/uploads\/2022\/09\/perola-negra-1536x1024.jpg 1536w, https:\/\/www.cervejariaaltezza.com.br\/site\/wp-content\/uploads\/2022\/09\/perola-negra-930x620.jpg 930w\" sizes=\"(max-width: 1920px) 100vw, 1920px\" \/><div class=\"wp-block-cover__inner-container\">\n<div style=\"height:120px\" aria-hidden=\"true\" class=\"wp-block-spacer\"><\/div>\n\n\n<div class=\"wp-block-image\">\n<figure class=\"aligncenter size-full\"><img loading=\"lazy\" width=\"350\" height=\"350\" src=\"https:\/\/www.cervejariaaltezza.com.br\/site\/wp-content\/uploads\/2022\/09\/logo-via-olivari.png\" alt=\"\" class=\"wp-image-783\" srcset=\"https:\/\/www.cervejariaaltezza.com.br\/site\/wp-content\/uploads\/2022\/09\/logo-via-olivari.png 350w, https:\/\/www.cervejariaaltezza.com.br\/site\/wp-content\/uploads\/2022\/09\/logo-via-olivari-300x300.png 300w, https:\/\/www.cervejariaaltezza.com.br\/site\/wp-content\/uploads\/2022\/09\/logo-via-olivari-150x150.png 150w\" sizes=\"(max-width: 350px) 100vw, 350px\" \/><\/figure><\/div>\n\n\n<h1 class=\"has-text-align-center has-neve-link-hover-color-color has-text-color\">Su\u00edte P\u00e9rola Negra<\/h1>\n\n\n\n<h4 class=\"has-text-align-center has-nv-site-bg-color has-text-color has-large-font-size\" style=\"font-style:normal;font-weight:200\">Pousada Via Olivari<\/h4>\n\n\n\n<div class=\"wp-container-1 wp-block-buttons\">\n<div class=\"wp-block-button aligncenter is-style-primary\"><a class=\"wp-block-button__link\" href=\"https:\/\/wa.me\/5528999893311\">Reservas &gt;<\/a><\/div>\n<\/div>\n\n\n\n<div style=\"height:80px\" aria-hidden=\"true\" class=\"wp-block-spacer\"><\/div>\n\n\n\n<div style=\"height:80px\" aria-hidden=\"true\" class=\"wp-block-spacer\"><\/div>\n<\/div><\/div>\n\n\n\n<div class=\"wp-block-cover alignfull is-repeated\" style=\"background-image:url(https:\/\/www.cervejariaaltezza.com.br\/site\/wp-content\/uploads\/2022\/08\/pub_BG.jpg)\"><span aria-hidden=\"true\" class=\"wp-block-cover__background has-nv-dark-bg-background-color has-background-dim-60 has-background-dim\"><\/span><div class=\"wp-block-cover__inner-container\">\n<div style=\"height:100px\" aria-hidden=\"true\" class=\"wp-block-spacer\"><\/div>\n\n\n\n<p class=\"has-text-align-center has-medium-font-size\">Cuidadosamente decorada proporcionando conforto e sofistica\u00e7\u00e3o. Essa su\u00edte perfeita para casal e um banheiro amplo.<\/p>\n\n\n\n<div style=\"height:30px\" aria-hidden=\"true\" class=\"wp-block-spacer\"><\/div>\n<\/div><\/div>\n\n\n\n<div class=\"wp-block-cover alignfull is-repeated\" style=\"background-image:url(https:\/\/www.cervejariaaltezza.com.br\/site\/wp-content\/uploads\/2022\/08\/pub_BG.jpg)\"><span aria-hidden=\"true\" class=\"wp-block-cover__background has-nv-dark-bg-background-color has-background-dim-60 has-background-dim\"><\/span><div class=\"wp-block-cover__inner-container\">\n<div class=\"wp-container-5 wp-block-group\"><div class=\"wp-block-group__inner-container\">\n<div class=\"wp-container-4 wp-block-columns\">\n<div class=\"wp-container-2 wp-block-column\"><div class=\"wp-block-image\">\n<figure class=\"aligncenter size-large\"><img loading=\"lazy\" width=\"1024\" height=\"1024\" src=\"https:\/\/www.cervejariaaltezza.com.br\/site\/wp-content\/uploads\/2022\/09\/fornogrande-1024x1024.jpg\" alt=\"\" class=\"wp-image-669\" srcset=\"https:\/\/www.cervejariaaltezza.com.br\/site\/wp-content\/uploads\/2022\/09\/fornogrande-1024x1024.jpg 1024w, https:\/\/www.cervejariaaltezza.com.br\/site\/wp-content\/uploads\/2022\/09\/fornogrande-300x300.jpg 300w, https:\/\/www.cervejariaaltezza.com.br\/site\/wp-content\/uploads\/2022\/09\/fornogrande-150x150.jpg 150w, https:\/\/www.cervejariaaltezza.com.br\/site\/wp-content\/uploads\/2022\/09\/fornogrande-768x768.jpg 768w, https:\/\/www.cervejariaaltezza.com.br\/site\/wp-content\/uploads\/2022\/09\/fornogrande-1600x1600.jpg 1600w, https:\/\/www.cervejariaaltezza.com.br\/site\/wp-content\/uploads\/2022\/09\/fornogrande-1536x1536.jpg 1536w, https:\/\/www.cervejariaaltezza.com.br\/site\/wp-content\/uploads\/2022\/09\/fornogrande.jpg 1834w\" sizes=\"(max-width: 1024px) 100vw, 1024px\" \/><\/figure><\/div><\/div>\n\n\n\n<div class=\"wp-container-3 wp-block-column\">\n<h2 class=\"has-neve-link-hover-color-color has-text-color has-large-font-size\">Comodidades da su\u00edte <\/h2>\n\n\n\n<p>\u2022 Cama de casal<br>\u2022 4 Travesseiros<br>\u2022 2 Toalhas de banho<br>\u2022 2 Toalhas de rosto<br>\u2022 \u00c1gua quente\/fria<br>\u2022 Aquecedor de toalhas<br>\u2022 Secador de cabelo<br>\u2022 Guarda roupas<br>\u2022 Aparador com cadeira e espelho<br>\u2022 Frigobar <br>\u2022 Aquecedor de ambiente <\/p>\n\n\n\n<p><br><br> <\/p>\n<\/div>\n<\/div>\n<\/div><\/div>\n\n\n\n<div style=\"height:40px\" aria-hidden=\"true\" class=\"wp-block-spacer\"><\/div>\n<\/div><\/div>\n\n\n\n<div class=\"wp-block-cover alignfull is-repeated\" style=\"background-image:url(https:\/\/www.cervejariaaltezza.com.br\/site\/wp-content\/uploads\/2022\/08\/pub_BG.jpg);min-height:942px\"><span aria-hidden=\"true\" class=\"wp-block-cover__background has-nv-dark-bg-background-color has-background-dim-60 has-background-dim\"><\/span><div class=\"wp-block-cover__inner-container\">\n<div class=\"wp-container-6 wp-block-group\"><div class=\"wp-block-group__inner-container\">\n<h2 class=\"has-text-align-center has-neve-link-hover-color-color has-text-color has-large-font-size\">Imagens da Su\u00edte P\u00e9rola Negra<\/h2>\n\n\n<div class=\"wp-block-image\">\n<figure class=\"aligncenter size-full is-resized\"><img loading=\"lazy\" src=\"https:\/\/www.cervejariaaltezza.com.br\/site\/wp-content\/uploads\/2022\/08\/cevada.png\" alt=\"\" class=\"wp-image-144\" width=\"198\" height=\"20\"\/><\/figure><\/div>\n\n\n<div style=\"height:80px\" aria-hidden=\"true\" class=\"wp-block-spacer\"><\/div>\n\n\n<div class=\"rl-gallery-container rl-loading\" id=\"rl-gallery-container-1\" data-gallery_id=\"760\"> <div class=\"rl-gallery rl-basicgrid-gallery \" id=\"rl-gallery-1\" data-gallery_no=\"1\"> <div class=\"rl-gallery-item\"><a href=\"https:\/\/www.cervejariaaltezza.com.br\/site\/wp-content\/uploads\/2022\/09\/perola-negra-cima-logo-1024x683.jpg\" title=\"\" data-rl_title=\"\" class=\"rl-gallery-link\" data-rl_caption=\"\" data-rel=\"lightbox-gallery-1\" data-magnific_type=\"gallery\"><img src=\"https:\/\/www.cervejariaaltezza.com.br\/site\/wp-content\/uploads\/2022\/09\/perola-negra-cima-logo-768x512.jpg\" width=\"768\" height=\"512\" \/><\/a><\/div><div class=\"rl-gallery-item\"><a href=\"https:\/\/www.cervejariaaltezza.com.br\/site\/wp-content\/uploads\/2022\/09\/perola-negra-logo2-1024x683.jpg\" title=\"\" data-rl_title=\"\" class=\"rl-gallery-link\" data-rl_caption=\"\" data-rel=\"lightbox-gallery-1\" data-magnific_type=\"gallery\"><img src=\"https:\/\/www.cervejariaaltezza.com.br\/site\/wp-content\/uploads\/2022\/09\/perola-negra-logo2-768x512.jpg\" width=\"768\" height=\"512\" \/><\/a><\/div><div class=\"rl-gallery-item\"><a href=\"https:\/\/www.cervejariaaltezza.com.br\/site\/wp-content\/uploads\/2022\/09\/perola-negra-toalha-logo-1024x683.jpg\" title=\"\" data-rl_title=\"\" class=\"rl-gallery-link\" data-rl_caption=\"\" data-rel=\"lightbox-gallery-1\" data-magnific_type=\"gallery\"><img src=\"https:\/\/www.cervejariaaltezza.com.br\/site\/wp-content\/uploads\/2022\/09\/perola-negra-toalha-logo-768x512.jpg\" width=\"768\" height=\"512\" \/><\/a><\/div><div class=\"rl-gallery-item\"><a href=\"https:\/\/www.cervejariaaltezza.com.br\/site\/wp-content\/uploads\/2022\/09\/perola-negra-espelho-logo-1024x683.jpg\" title=\"\" data-rl_title=\"\" class=\"rl-gallery-link\" data-rl_caption=\"\" data-rel=\"lightbox-gallery-1\" data-magnific_type=\"gallery\"><img src=\"https:\/\/www.cervejariaaltezza.com.br\/site\/wp-content\/uploads\/2022\/09\/perola-negra-espelho-logo-768x512.jpg\" width=\"768\" height=\"512\" \/><\/a><\/div><div class=\"rl-gallery-item\"><a href=\"https:\/\/www.cervejariaaltezza.com.br\/site\/wp-content\/uploads\/2022\/09\/perola-negra-armario2-460x1024.jpg\" title=\"\" data-rl_title=\"\" class=\"rl-gallery-link\" data-rl_caption=\"\" data-rel=\"lightbox-gallery-1\" data-magnific_type=\"gallery\"><img src=\"https:\/\/www.cervejariaaltezza.com.br\/site\/wp-content\/uploads\/2022\/09\/perola-negra-armario2-768x1709.jpg\" width=\"768\" height=\"1709\" \/><\/a><\/div><div class=\"rl-gallery-item\"><a href=\"https:\/\/www.cervejariaaltezza.com.br\/site\/wp-content\/uploads\/2022\/09\/perola-negra-banheiro-460x1024.jpg\" title=\"\" data-rl_title=\"\" class=\"rl-gallery-link\" data-rl_caption=\"\" data-rel=\"lightbox-gallery-1\" data-magnific_type=\"gallery\"><img src=\"https:\/\/www.cervejariaaltezza.com.br\/site\/wp-content\/uploads\/2022\/09\/perola-negra-banheiro-768x1709.jpg\" width=\"768\" height=\"1709\" \/><\/a><\/div> <\/div> <\/div>\n<\/div><\/div>\n\n\n\n<div style=\"height:30px\" aria-hidden=\"true\" class=\"wp-block-spacer\"><\/div>\n<\/div><\/div>\n\n\n\n<div class=\"wp-block-cover alignfull\"><span aria-hidden=\"true\" class=\"wp-block-cover__background has-nv-dark-bg-background-color has-background-dim-100 has-background-dim\"><\/span><div class=\"wp-block-cover__inner-container\">\n<h2 class=\"has-text-align-center\">Fa\u00e7a sua reserva agora mesmo!<\/h2>\n\n\n\n<div class=\"wp-container-7 is-content-justification-center wp-block-buttons\">\n<div class=\"wp-block-button is-style-primary\"><a class=\"wp-block-button__link\" href=\"https:\/\/wa.me\/5527988478545\">Reservas | Pousada Altezza<\/a><\/div>\n<\/div>\n<\/div><\/div>\n","protected":false},"excerpt":{"rendered":"","protected":false},"author":1,"featured_media":0,"parent":0,"menu_order":0,"comment_status":"closed","ping_status":"closed","template":"","meta":{"neve_meta_sidebar":"","neve_meta_container":"","neve_meta_enable_content_width":"on","neve_meta_content_width":95,"neve_meta_title_alignment":"","neve_meta_author_avatar":"","neve_post_elements_order":"","neve_meta_disable_header":"","neve_meta_disable_footer":"","neve_meta_disable_title":"on","neve_meta_reading_time":"","_ti_tpc_template_sync":false,"_ti_tpc_template_id":"","_joinchat":[]},"featured_image_urls":{"full":"","thumbnail":"","medium":"","medium_large":"","large":"","xl":"","xxl":"","xxxl":"","xxxxl":"","xxxxxl":"","1536x1536":"","2048x2048":"","neve-blog":""},"post_excerpt_stackable":"<p>Su\u00edte P\u00e9rola Negra Pousada Via Olivari Reservas &gt; Cuidadosamente decorada proporcionando conforto e sofistica\u00e7\u00e3o. Essa su\u00edte perfeita para casal e um banheiro amplo. Comodidades da su\u00edte \u2022 Cama de casal\u2022 4 Travesseiros\u2022 2 Toalhas de banho\u2022 2 Toalhas de rosto\u2022 \u00c1gua quente\/fria\u2022 Aquecedor de toalhas\u2022 Secador de cabelo\u2022 Guarda roupas\u2022 Aparador com cadeira e espelho\u2022 Frigobar \u2022 Aquecedor de ambiente Imagens da Su\u00edte P\u00e9rola Negra Fa\u00e7a sua reserva agora mesmo! Reservas | Pousada Altezza<\/p>\n","category_list":"","author_info":{"name":"admin_altezza","url":"https:\/\/www.cervejariaaltezza.com.br\/site\/author\/admin_altezza\/"},"comments_num":"0 comments","_links":{"self":[{"href":"https:\/\/www.cervejariaaltezza.com.br\/site\/wp-json\/wp\/v2\/pages\/638"}],"collection":[{"href":"https:\/\/www.cervejariaaltezza.com.br\/site\/wp-json\/wp\/v2\/pages"}],"about":[{"href":"https:\/\/www.cervejariaaltezza.com.br\/site\/wp-json\/wp\/v2\/types\/page"}],"author":[{"embeddable":true,"href":"https:\/\/www.cervejariaaltezza.com.br\/site\/wp-json\/wp\/v2\/users\/1"}],"replies":[{"embeddable":true,"href":"https:\/\/www.cervejariaaltezza.com.br\/site\/wp-json\/wp\/v2\/comments?post=638"}],"version-history":[{"count":0,"href":"https:\/\/www.cervejariaaltezza.com.br\/site\/wp-json\/wp\/v2\/pages\/638\/revisions"}],"wp:attachment":[{"href":"https:\/\/www.cervejariaaltezza.com.br\/site\/wp-json\/wp\/v2\/media?parent=638"}],"curies":[{"name":"wp","href":"https:\/\/api.w.org\/{rel}","templated":true}]}}