{"id":736,"date":"2022-09-09T16:26:10","date_gmt":"2022-09-09T19:26:10","guid":{"rendered":"https:\/\/www.cervejariaaltezza.com.br\/site\/?page_id=736"},"modified":"2023-04-29T13:52:09","modified_gmt":"2023-04-29T16:52:09","slug":"restaurante-altezza","status":"publish","type":"page","link":"https:\/\/www.cervejariaaltezza.com.br\/site\/restaurante-altezza\/","title":{"rendered":"Restaurante | Cervejaria Altezza | Espa\u00e7o Via Olivari"},"content":{"rendered":"\n<div class=\"wp-block-cover alignfull shadow-slider-home\" style=\"min-height:700px\"><span aria-hidden=\"true\" class=\"wp-block-cover__background has-nv-dark-bg-background-color has-background-dim-70 has-background-dim\"><\/span><img loading=\"lazy\" width=\"1920\" height=\"1280\" class=\"wp-block-cover__image-background wp-image-787\" alt=\"\" src=\"https:\/\/www.cervejariaaltezza.com.br\/site\/wp-content\/uploads\/2022\/09\/capa-restaurante-autezza.jpg\" data-object-fit=\"cover\" srcset=\"https:\/\/www.cervejariaaltezza.com.br\/site\/wp-content\/uploads\/2022\/09\/capa-restaurante-autezza.jpg 1920w, https:\/\/www.cervejariaaltezza.com.br\/site\/wp-content\/uploads\/2022\/09\/capa-restaurante-autezza-300x200.jpg 300w, https:\/\/www.cervejariaaltezza.com.br\/site\/wp-content\/uploads\/2022\/09\/capa-restaurante-autezza-1024x683.jpg 1024w, https:\/\/www.cervejariaaltezza.com.br\/site\/wp-content\/uploads\/2022\/09\/capa-restaurante-autezza-768x512.jpg 768w, https:\/\/www.cervejariaaltezza.com.br\/site\/wp-content\/uploads\/2022\/09\/capa-restaurante-autezza-1600x1067.jpg 1600w, https:\/\/www.cervejariaaltezza.com.br\/site\/wp-content\/uploads\/2022\/09\/capa-restaurante-autezza-1536x1024.jpg 1536w, https:\/\/www.cervejariaaltezza.com.br\/site\/wp-content\/uploads\/2022\/09\/capa-restaurante-autezza-930x620.jpg 930w\" sizes=\"(max-width: 1920px) 100vw, 1920px\" \/><div class=\"wp-block-cover__inner-container\"><div class=\"wp-block-image\">\n<figure class=\"aligncenter size-full\"><img loading=\"lazy\" width=\"350\" height=\"350\" src=\"https:\/\/www.cervejariaaltezza.com.br\/site\/wp-content\/uploads\/2022\/09\/logo-via-olivari.png\" alt=\"\" class=\"wp-image-783\" srcset=\"https:\/\/www.cervejariaaltezza.com.br\/site\/wp-content\/uploads\/2022\/09\/logo-via-olivari.png 350w, https:\/\/www.cervejariaaltezza.com.br\/site\/wp-content\/uploads\/2022\/09\/logo-via-olivari-300x300.png 300w, https:\/\/www.cervejariaaltezza.com.br\/site\/wp-content\/uploads\/2022\/09\/logo-via-olivari-150x150.png 150w\" sizes=\"(max-width: 350px) 100vw, 350px\" \/><\/figure><\/div>\n\n\n<h1 class=\"has-text-align-center has-neve-link-hover-color-color has-text-color\">Espa\u00e7o Via Olivari<\/h1>\n\n\n\n<h4 class=\"has-text-align-center has-nv-site-bg-color has-text-color\" style=\"font-style:normal;font-weight:200\">O card\u00e1pio do Espa\u00e7o Via Olivari leva assinatura do Chef Enrico Bissoli, natural do norte da It\u00e1lia, de rica experi\u00eancia em v\u00e1rios estilos de cozinhas internacionais. No card\u00e1pio s\u00e3o privilegiados pratos italianos e germ\u00e2nicos, que propiciam deliciosa harmoniza\u00e7\u00e3o com as cervejas artesanais.<\/h4>\n\n\n\n<div class=\"wp-container-1 is-content-justification-center wp-block-buttons alignwide\">\n<div class=\"wp-block-button aligncenter is-style-primary\"><a class=\"wp-block-button__link\" href=\"https:\/\/wa.me\/5528999893311\">Reservas<\/a><\/div>\n<\/div>\n\n\n\n<div style=\"height:100px\" aria-hidden=\"true\" class=\"wp-block-spacer\"><\/div>\n<\/div><\/div>\n\n\n\n<div class=\"wp-block-cover alignfull is-repeated\" style=\"background-image:url(https:\/\/www.cervejariaaltezza.com.br\/site\/wp-content\/uploads\/2022\/08\/pub_BG.jpg);min-height:1518px\"><span aria-hidden=\"true\" class=\"wp-block-cover__background has-nv-dark-bg-background-color has-background-dim-60 has-background-dim\"><\/span><div class=\"wp-block-cover__inner-container\">\n<div style=\"height:130px\" aria-hidden=\"true\" class=\"wp-block-spacer\"><\/div>\n\n\n\n<div class=\"wp-container-4 wp-block-columns\">\n<div class=\"wp-container-2 wp-block-column\">\n<figure class=\"wp-block-image size-large is-resized\"><img loading=\"lazy\" src=\"https:\/\/www.cervejariaaltezza.com.br\/site\/wp-content\/uploads\/2022\/09\/enrico-854x1024.jpg\" alt=\"\" class=\"wp-image-819\" width=\"427\" height=\"512\" srcset=\"https:\/\/www.cervejariaaltezza.com.br\/site\/wp-content\/uploads\/2022\/09\/enrico-854x1024.jpg 854w, https:\/\/www.cervejariaaltezza.com.br\/site\/wp-content\/uploads\/2022\/09\/enrico-250x300.jpg 250w, https:\/\/www.cervejariaaltezza.com.br\/site\/wp-content\/uploads\/2022\/09\/enrico-768x921.jpg 768w, https:\/\/www.cervejariaaltezza.com.br\/site\/wp-content\/uploads\/2022\/09\/enrico-1281x1536.jpg 1281w, https:\/\/www.cervejariaaltezza.com.br\/site\/wp-content\/uploads\/2022\/09\/enrico.jpg 1601w\" sizes=\"(max-width: 427px) 100vw, 427px\" \/><\/figure>\n<\/div>\n\n\n\n<div class=\"wp-container-3 wp-block-column is-vertically-aligned-center\">\n<h2>Seja bem-vindo ao Espa\u00e7o Via Olivari<\/h2>\n\n\n\n<h4><mark style=\"background-color:rgba(0, 0, 0, 0)\" class=\"has-inline-color has-neve-link-hover-color-color\">Restaurante Espa\u00e7o Via Olivari<\/mark><\/h4>\n\n\n\n<p>Nosso servi\u00e7o atende at\u00e9 200 pessoas \u201c\u00e0 la carte\u201d e muitos mais em eventos como casamentos, anivers\u00e1rios, encontros empresariais, ou simplesmente um encontro entre amigos. O Chef Enrico preparou um card\u00e1pio perfeito para agradar o seu paladar!<\/p>\n\n\n\n<p>Estamos localizados em uma genu\u00edna casa colonial do s\u00e9culo XIX, elegante e informal, com vista para Pedra Azul. Junto \u00e0 entrada um pequeno emp\u00f3rio faz vitrine de produtos da casa e de produtores artesanais da regi\u00e3o.<\/p>\n<\/div>\n<\/div>\n\n\n\n<div style=\"height:100px\" aria-hidden=\"true\" class=\"wp-block-spacer\"><\/div>\n\n\n\n<div class=\"wp-container-9 wp-block-columns\">\n<div class=\"wp-container-5 wp-block-column\" style=\"flex-basis:500px\">\n<h2 class=\"has-neve-link-hover-color-color has-text-color\">Nosso Card\u00e1pio<\/h2>\n\n\n\n<h3>Uma variedade de sabores e experi\u00eancias com o que h\u00e1 de melhor na culin\u00e1ria italiana.<\/h3>\n<\/div>\n\n\n\n<div class=\"wp-container-6 wp-block-column\" style=\"flex-basis:20px\"><\/div>\n\n\n\n<div class=\"wp-container-8 wp-block-column\">\n<div class=\"wp-block-cover card-padding\" style=\"min-height:350px\"><span aria-hidden=\"true\" class=\"wp-block-cover__background has-background-dim\"><\/span><img loading=\"lazy\" width=\"960\" height=\"520\" class=\"wp-block-cover__image-background wp-image-916\" alt=\"\" src=\"https:\/\/www.cervejariaaltezza.com.br\/site\/wp-content\/uploads\/2022\/10\/card-site-cardapio.jpg\" data-object-fit=\"cover\" srcset=\"https:\/\/www.cervejariaaltezza.com.br\/site\/wp-content\/uploads\/2022\/10\/card-site-cardapio.jpg 960w, https:\/\/www.cervejariaaltezza.com.br\/site\/wp-content\/uploads\/2022\/10\/card-site-cardapio-300x163.jpg 300w, https:\/\/www.cervejariaaltezza.com.br\/site\/wp-content\/uploads\/2022\/10\/card-site-cardapio-768x416.jpg 768w\" sizes=\"(max-width: 960px) 100vw, 960px\" \/><div class=\"wp-block-cover__inner-container\">\n<p class=\"has-text-align-left has-neve-link-hover-color-color has-text-color\">  Card\u00e1pio<\/p>\n\n\n\n<h3>  Restaurante Via Olivari<\/h3>\n\n\n\n<div class=\"wp-container-7 wp-block-buttons\">\n<div class=\"wp-block-button is-style-primary\"><a class=\"wp-block-button__link\" href=\"https:\/\/altezza-meusabor.relatar.com.br\">Acesse agora &gt;<\/a><\/div>\n<\/div>\n<\/div><\/div>\n<\/div>\n<\/div>\n\n\n\n<div style=\"height:100px\" aria-hidden=\"true\" class=\"wp-block-spacer\"><\/div>\n\n\n\n<h2 class=\"has-text-align-center has-neve-link-hover-color-color has-text-color has-large-font-size\">Nosso Restaurante<\/h2>\n\n\n<div class=\"wp-block-image\">\n<figure class=\"aligncenter size-full is-resized\"><img loading=\"lazy\" src=\"https:\/\/www.cervejariaaltezza.com.br\/site\/wp-content\/uploads\/2022\/08\/cevada.png\" alt=\"\" class=\"wp-image-144\" width=\"198\" height=\"20\"\/><\/figure><\/div>\n\n\n<div style=\"height:100px\" aria-hidden=\"true\" class=\"wp-block-spacer\"><\/div>\n\n\n<div class=\"rl-gallery-container rl-loading\" id=\"rl-gallery-container-1\" data-gallery_id=\"791\"> <div class=\"rl-gallery rl-basicgrid-gallery \" id=\"rl-gallery-1\" data-gallery_no=\"1\"> <div class=\"rl-gallery-item\"><a href=\"https:\/\/www.cervejariaaltezza.com.br\/site\/wp-content\/uploads\/2022\/09\/restaurante-altezza11-1024x683.jpg\" title=\"\" data-rl_title=\"\" class=\"rl-gallery-link\" data-rl_caption=\"\" data-rel=\"lightbox-gallery-1\" data-magnific_type=\"gallery\"><img src=\"https:\/\/www.cervejariaaltezza.com.br\/site\/wp-content\/uploads\/2022\/09\/restaurante-altezza11-768x512.jpg\" width=\"768\" height=\"512\" \/><\/a><\/div><div class=\"rl-gallery-item\"><a href=\"https:\/\/www.cervejariaaltezza.com.br\/site\/wp-content\/uploads\/2022\/09\/restaurante-altezza10-1024x683.jpg\" title=\"\" data-rl_title=\"\" class=\"rl-gallery-link\" data-rl_caption=\"\" data-rel=\"lightbox-gallery-1\" data-magnific_type=\"gallery\"><img src=\"https:\/\/www.cervejariaaltezza.com.br\/site\/wp-content\/uploads\/2022\/09\/restaurante-altezza10-768x512.jpg\" width=\"768\" height=\"512\" \/><\/a><\/div><div class=\"rl-gallery-item\"><a href=\"https:\/\/www.cervejariaaltezza.com.br\/site\/wp-content\/uploads\/2022\/09\/restaurante-altezza9-1024x683.jpg\" title=\"\" data-rl_title=\"\" class=\"rl-gallery-link\" data-rl_caption=\"\" data-rel=\"lightbox-gallery-1\" data-magnific_type=\"gallery\"><img src=\"https:\/\/www.cervejariaaltezza.com.br\/site\/wp-content\/uploads\/2022\/09\/restaurante-altezza9-768x512.jpg\" width=\"768\" height=\"512\" \/><\/a><\/div><div class=\"rl-gallery-item\"><a href=\"https:\/\/www.cervejariaaltezza.com.br\/site\/wp-content\/uploads\/2022\/09\/restaurante-altezza8-1024x683.jpg\" title=\"\" data-rl_title=\"\" class=\"rl-gallery-link\" data-rl_caption=\"\" data-rel=\"lightbox-gallery-1\" data-magnific_type=\"gallery\"><img src=\"https:\/\/www.cervejariaaltezza.com.br\/site\/wp-content\/uploads\/2022\/09\/restaurante-altezza8-768x512.jpg\" width=\"768\" height=\"512\" \/><\/a><\/div><div class=\"rl-gallery-item\"><a href=\"https:\/\/www.cervejariaaltezza.com.br\/site\/wp-content\/uploads\/2022\/09\/restaurante-altezza7-1024x683.jpg\" title=\"\" data-rl_title=\"\" class=\"rl-gallery-link\" data-rl_caption=\"\" data-rel=\"lightbox-gallery-1\" data-magnific_type=\"gallery\"><img src=\"https:\/\/www.cervejariaaltezza.com.br\/site\/wp-content\/uploads\/2022\/09\/restaurante-altezza7-768x512.jpg\" width=\"768\" height=\"512\" \/><\/a><\/div><div class=\"rl-gallery-item\"><a href=\"https:\/\/www.cervejariaaltezza.com.br\/site\/wp-content\/uploads\/2022\/09\/restaurante-altezza6-1024x683.jpg\" title=\"\" data-rl_title=\"\" class=\"rl-gallery-link\" data-rl_caption=\"\" data-rel=\"lightbox-gallery-1\" data-magnific_type=\"gallery\"><img src=\"https:\/\/www.cervejariaaltezza.com.br\/site\/wp-content\/uploads\/2022\/09\/restaurante-altezza6-768x512.jpg\" width=\"768\" height=\"512\" \/><\/a><\/div><div class=\"rl-gallery-item\"><a href=\"https:\/\/www.cervejariaaltezza.com.br\/site\/wp-content\/uploads\/2022\/09\/restaurante-altezza5-1024x683.jpg\" title=\"\" data-rl_title=\"\" class=\"rl-gallery-link\" data-rl_caption=\"\" data-rel=\"lightbox-gallery-1\" data-magnific_type=\"gallery\"><img src=\"https:\/\/www.cervejariaaltezza.com.br\/site\/wp-content\/uploads\/2022\/09\/restaurante-altezza5-768x512.jpg\" width=\"768\" height=\"512\" \/><\/a><\/div><div class=\"rl-gallery-item\"><a href=\"https:\/\/www.cervejariaaltezza.com.br\/site\/wp-content\/uploads\/2022\/09\/restaurante-altezza4-1024x683.jpg\" title=\"\" data-rl_title=\"\" class=\"rl-gallery-link\" data-rl_caption=\"\" data-rel=\"lightbox-gallery-1\" data-magnific_type=\"gallery\"><img src=\"https:\/\/www.cervejariaaltezza.com.br\/site\/wp-content\/uploads\/2022\/09\/restaurante-altezza4-768x512.jpg\" width=\"768\" height=\"512\" \/><\/a><\/div><div class=\"rl-gallery-item\"><a href=\"https:\/\/www.cervejariaaltezza.com.br\/site\/wp-content\/uploads\/2022\/09\/restaurante-altezza3-1024x683.jpg\" title=\"\" data-rl_title=\"\" class=\"rl-gallery-link\" data-rl_caption=\"\" data-rel=\"lightbox-gallery-1\" data-magnific_type=\"gallery\"><img src=\"https:\/\/www.cervejariaaltezza.com.br\/site\/wp-content\/uploads\/2022\/09\/restaurante-altezza3-768x512.jpg\" width=\"768\" height=\"512\" \/><\/a><\/div><div class=\"rl-gallery-item\"><a href=\"https:\/\/www.cervejariaaltezza.com.br\/site\/wp-content\/uploads\/2022\/09\/restaurante-altezza2-1024x683.jpg\" title=\"\" data-rl_title=\"\" class=\"rl-gallery-link\" data-rl_caption=\"\" data-rel=\"lightbox-gallery-1\" data-magnific_type=\"gallery\"><img src=\"https:\/\/www.cervejariaaltezza.com.br\/site\/wp-content\/uploads\/2022\/09\/restaurante-altezza2-768x512.jpg\" width=\"768\" height=\"512\" \/><\/a><\/div><div class=\"rl-gallery-item\"><a href=\"https:\/\/www.cervejariaaltezza.com.br\/site\/wp-content\/uploads\/2022\/09\/restaurante-altezza12-1024x683.jpg\" title=\"\" data-rl_title=\"\" class=\"rl-gallery-link\" data-rl_caption=\"\" data-rel=\"lightbox-gallery-1\" data-magnific_type=\"gallery\"><img src=\"https:\/\/www.cervejariaaltezza.com.br\/site\/wp-content\/uploads\/2022\/09\/restaurante-altezza12-768x512.jpg\" width=\"768\" height=\"512\" \/><\/a><\/div><div class=\"rl-gallery-item\"><a href=\"https:\/\/www.cervejariaaltezza.com.br\/site\/wp-content\/uploads\/2022\/09\/restaurante-altezza13-1024x683.jpg\" title=\"\" data-rl_title=\"\" class=\"rl-gallery-link\" data-rl_caption=\"\" data-rel=\"lightbox-gallery-1\" data-magnific_type=\"gallery\"><img src=\"https:\/\/www.cervejariaaltezza.com.br\/site\/wp-content\/uploads\/2022\/09\/restaurante-altezza13-768x512.jpg\" width=\"768\" height=\"512\" \/><\/a><\/div> <\/div> <\/div>\n\n\n\n<div style=\"height:30px\" aria-hidden=\"true\" class=\"wp-block-spacer\"><\/div>\n<\/div><\/div>\n\n\n\n<div class=\"wp-block-cover alignfull\"><span aria-hidden=\"true\" class=\"wp-block-cover__background has-nv-dark-bg-background-color has-background-dim-100 has-background-dim\"><\/span><div class=\"wp-block-cover__inner-container\">\n<h2 class=\"has-text-align-center\">Fa\u00e7a sua reserva agora mesmo!<\/h2>\n\n\n\n<div class=\"wp-container-10 is-content-justification-center wp-block-buttons\">\n<div class=\"wp-block-button is-style-primary\"><a class=\"wp-block-button__link\" href=\"https:\/\/wa.me\/5528999893311\" target=\"_blank\" rel=\"noreferrer noopener\">Reservas | Restaurante Altezza<\/a><\/div>\n<\/div>\n<\/div><\/div>\n","protected":false},"excerpt":{"rendered":"","protected":false},"author":1,"featured_media":0,"parent":0,"menu_order":0,"comment_status":"closed","ping_status":"closed","template":"","meta":{"neve_meta_sidebar":"","neve_meta_container":"","neve_meta_enable_content_width":"on","neve_meta_content_width":95,"neve_meta_title_alignment":"","neve_meta_author_avatar":"","neve_post_elements_order":"","neve_meta_disable_header":"","neve_meta_disable_footer":"","neve_meta_disable_title":"on","neve_meta_reading_time":"","_ti_tpc_template_sync":false,"_ti_tpc_template_id":"","_joinchat":[]},"featured_image_urls":{"full":"","thumbnail":"","medium":"","medium_large":"","large":"","xl":"","xxl":"","xxxl":"","xxxxl":"","xxxxxl":"","1536x1536":"","2048x2048":"","neve-blog":""},"post_excerpt_stackable":"<p>Espa\u00e7o Via Olivari O card\u00e1pio do Espa\u00e7o Via Olivari leva assinatura do Chef Enrico Bissoli, natural do norte da It\u00e1lia, de rica experi\u00eancia em v\u00e1rios estilos de cozinhas internacionais. No card\u00e1pio s\u00e3o privilegiados pratos italianos e germ\u00e2nicos, que propiciam deliciosa harmoniza\u00e7\u00e3o com as cervejas artesanais. Reservas Seja bem-vindo ao Espa\u00e7o Via Olivari Restaurante Espa\u00e7o Via Olivari Nosso servi\u00e7o atende at\u00e9 200 pessoas \u201c\u00e0 la carte\u201d e muitos mais em eventos como casamentos, anivers\u00e1rios, encontros empresariais, ou simplesmente um encontro entre amigos. O Chef Enrico preparou um card\u00e1pio perfeito para agradar o seu paladar! Estamos localizados em uma genu\u00edna casa colonial&hellip;<\/p>\n","category_list":"","author_info":{"name":"admin_altezza","url":"https:\/\/www.cervejariaaltezza.com.br\/site\/author\/admin_altezza\/"},"comments_num":"0 comments","_links":{"self":[{"href":"https:\/\/www.cervejariaaltezza.com.br\/site\/wp-json\/wp\/v2\/pages\/736"}],"collection":[{"href":"https:\/\/www.cervejariaaltezza.com.br\/site\/wp-json\/wp\/v2\/pages"}],"about":[{"href":"https:\/\/www.cervejariaaltezza.com.br\/site\/wp-json\/wp\/v2\/types\/page"}],"author":[{"embeddable":true,"href":"https:\/\/www.cervejariaaltezza.com.br\/site\/wp-json\/wp\/v2\/users\/1"}],"replies":[{"embeddable":true,"href":"https:\/\/www.cervejariaaltezza.com.br\/site\/wp-json\/wp\/v2\/comments?post=736"}],"version-history":[{"count":1,"href":"https:\/\/www.cervejariaaltezza.com.br\/site\/wp-json\/wp\/v2\/pages\/736\/revisions"}],"predecessor-version":[{"id":1552,"href":"https:\/\/www.cervejariaaltezza.com.br\/site\/wp-json\/wp\/v2\/pages\/736\/revisions\/1552"}],"wp:attachment":[{"href":"https:\/\/www.cervejariaaltezza.com.br\/site\/wp-json\/wp\/v2\/media?parent=736"}],"curies":[{"name":"wp","href":"https:\/\/api.w.org\/{rel}","templated":true}]}}