{"id":977,"date":"2022-11-25T19:18:54","date_gmt":"2022-11-25T22:18:54","guid":{"rendered":"https:\/\/www.cervejariaaltezza.com.br\/site\/?page_id=977"},"modified":"2023-02-20T15:16:59","modified_gmt":"2023-02-20T18:16:59","slug":"ipa-cervejaria-altezza","status":"publish","type":"page","link":"https:\/\/www.cervejariaaltezza.com.br\/site\/ipa-cervejaria-altezza\/","title":{"rendered":"Ipa | Cervejaria Altezza"},"content":{"rendered":"\n<div class=\"wp-block-cover alignfull shadow-slider-home line-bottom-ouro\" style=\"min-height:280px\"><span aria-hidden=\"true\" class=\"wp-block-cover__background has-nv-dark-bg-background-color has-background-dim-80 has-background-dim\"><\/span><img loading=\"lazy\" width=\"1920\" height=\"999\" class=\"wp-block-cover__image-background wp-image-178\" alt=\"\" src=\"https:\/\/www.cervejariaaltezza.com.br\/site\/wp-content\/uploads\/2022\/08\/Altezza.jpg\" style=\"object-position:50% 50%\" data-object-fit=\"cover\" data-object-position=\"50% 50%\" srcset=\"https:\/\/www.cervejariaaltezza.com.br\/site\/wp-content\/uploads\/2022\/08\/Altezza.jpg 1920w, https:\/\/www.cervejariaaltezza.com.br\/site\/wp-content\/uploads\/2022\/08\/Altezza-300x156.jpg 300w, https:\/\/www.cervejariaaltezza.com.br\/site\/wp-content\/uploads\/2022\/08\/Altezza-1024x533.jpg 1024w, https:\/\/www.cervejariaaltezza.com.br\/site\/wp-content\/uploads\/2022\/08\/Altezza-768x400.jpg 768w, https:\/\/www.cervejariaaltezza.com.br\/site\/wp-content\/uploads\/2022\/08\/Altezza-1600x833.jpg 1600w, https:\/\/www.cervejariaaltezza.com.br\/site\/wp-content\/uploads\/2022\/08\/Altezza-1536x799.jpg 1536w\" sizes=\"(max-width: 1920px) 100vw, 1920px\" \/><div class=\"wp-block-cover__inner-container\">\n<div style=\"height:100px\" aria-hidden=\"true\" class=\"wp-block-spacer\"><\/div>\n\n\n\n<div class=\"wp-container-1 wp-block-group\"><div class=\"wp-block-group__inner-container\">\n<h2 class=\"has-text-align-center h1-titulo-pagina has-neve-link-hover-color-color has-text-color\">Ipa<\/h2>\n<\/div><\/div>\n\n\n<div class=\"wp-block-image\">\n<figure class=\"aligncenter size-full is-resized\"><img loading=\"lazy\" src=\"https:\/\/www.cervejariaaltezza.com.br\/site\/wp-content\/uploads\/2022\/08\/cevada.png\" alt=\"\" class=\"wp-image-144\" width=\"198\" height=\"20\"\/><\/figure><\/div>\n\n\n<p class=\"has-text-align-center\">Cervejaria Altezza<\/p>\n\n\n\n<div style=\"height:30px\" aria-hidden=\"true\" class=\"wp-block-spacer\"><\/div>\n<\/div><\/div>\n\n\n\n<div class=\"wp-block-cover alignfull is-repeated\" style=\"background-image:url(https:\/\/www.cervejariaaltezza.com.br\/site\/wp-content\/uploads\/2022\/08\/pub_BG.jpg)\"><span aria-hidden=\"true\" class=\"wp-block-cover__background has-background-dim-60 has-background-dim\"><\/span><div class=\"wp-block-cover__inner-container\">\n<div style=\"height:100px\" aria-hidden=\"true\" class=\"wp-block-spacer\"><\/div>\n\n\n\n<div class=\"wp-container-4 wp-block-columns alignwide are-vertically-aligned-center\">\n<div class=\"wp-container-2 wp-block-column is-vertically-aligned-center\"><div id=\"gutenslider-apuzqkwv1\" class=\"wp-block-eedee-block-gutenslider content-change alignnone adaptive-height adaptive-height-md adaptive-height-sm arrow-style-1 arrow-position-sides arrow-mb-none arrows-lg arrows-md arrows-sm dot-style-1 dots-lg dots-md dots-sm dot-position-bottom is-position-center-center mb-none\" style=\"--gutenslider-min-height: 80vh;--gutenslider-arrow-size: 30px;--gutenslider-dot-size: 25px;--gutenslider-arrow-color: #ffffff;--gutenslider-dot-color: #ffffff;--gutenslider-padding-y-mobile: 40px;--gutenslider-padding-x-mobile: 40px;--gutenslider-padding-y-tablet: 40px;--gutenslider-padding-x-tablet: 40px;--gutenslider-padding-y-desktop: 40px;--gutenslider-padding-x-desktop: 40px;--gutenslider-bg-image: url();--gutenslider-min-height-md: 50vh;--gutenslider-min-height-sm: 50vh;--gutenslider-padding-x: 40px;--gutenslider-padding-x-md: 40px;--gutenslider-padding-x-sm: 20px;--gutenslider-padding-y: 40px;--gutenslider-padding-y-md: 40px;--gutenslider-padding-y-sm: 20px;--gutenslider-arrow-size-md: 30px;--gutenslider-arrow-size-sm: 30px;--gutenslider-dot-size-md: 25px;--gutenslider-dot-size-sm: 25px;--gutenslider-arrow-bg-color: transparent;--gutenslider-arrow-hover-color: #eeeeee;--gutenslider-arrow-bg-hover-color: transparent;--gutenslider-arrow-x-offset: 10px;--gutenslider-arrow-x-offset-md: 10px;--gutenslider-arrow-x-offset-sm: 10px;--gutenslider-arrow-y-offset: 0px;--gutenslider-arrow-y-offset-md: 0px;--gutenslider-arrow-y-offset-sm: 0px;--gutenslider-arrow-x-spacing: 0px;--gutenslider-dot-y-offset: 10px;--gutenslider-dot-y-offset-md: 10px;--gutenslider-dot-y-offset-sm: 10px;--gutenslider-margin-x: 0px;--gutenslider-margin-x-md: 0px;--gutenslider-margin-x-sm: 0px;--gutenslider-margin-y: 0px;--gutenslider-margin-y-md: 0px;--gutenslider-margin-y-sm: 0px;--gutenslider-divider-top: 60px;--gutenslider-divider-bottom: 60px;--gutenslider-lightgallery-bg: #ffffff;--gutenslider-lightgallery-font: #000000;\" data-parallax-direction=\"down\" data-parallax-amount=\"1.3\" data-lg-transition=\"lg-slide\" data-hash=\"\"><div class=\"eedee-swiper-outer\"><div class=\"gutenslider-divider-top\" style=\"color:#fff; height:60px;\"><\/div><div class=\"swiper\" data-settings='{\"autoplay\":{\"delay\":3000,\"pauseOnMouseEnter\":true,\"disableOnInteraction\":false},\"speed\":700,\"direction\":\"horizontal\",\"autoHeight\":\"1\",\"loop\":true,\"centeredSlides\":true,\"spaceBetween\":0,\"slidesPerView\":1,\"slidesPerGroup\":1,\"effect\":\"slide\",\"coverflowEffect\":{\"rotate\":30,\"slideShadows\":false,\"depth\":100,\"stretch\":50,\"modifier\":1},\"fadeEffect\":{\"crossFade\":true},\"zoom\":\"\",\"navigation\":{\"nextEl\":\"#gutenslider-apuzqkwv1 .eedee-gutenslider-next\",\"prevEl\":\"#gutenslider-apuzqkwv1 .eedee-gutenslider-prev\"},\"pagination\":{\"type\":\"bullets\",\"clickable\":true,\"dynamicBullets\":false,\"el\":\"#gutenslider-apuzqkwv1 .eedee-gutenslider-pagination\"},\"pauseOnHover\":\"1\",\"watchSlidesProgress\":true,\"watchSlidesVisibility\":true,\"settingsMd\":{\"autoHeight\":\"1\",\"slidesPerView\":1,\"slidesPerGroup\":1,\"spaceBetween\":0},\"settingsLg\":{\"autoHeight\":\"1\",\"slidesPerView\":1,\"slidesPerGroup\":1,\"spaceBetween\":0},\"hasLg\":false,\"hasLgCounter\":true,\"isFullScreen\":false,\"arrowsFollowMouse\":false,\"lgTitle\":\"none\",\"lgCaption\":\"none\",\"lgThumbnails\":true,\"keyboard\":{\"keyboard\":{\"enabled\":true,\"onlyInViewport\":true}},\"hashNavigation\":false}'><div class=\"swiper-wrapper\">\n<div class=\"swiper-slide wp-block-eedee-block-gutenslide is-position-center-center ed-bg-image\" style=\"--ed-vw:300;--ed-vh:300;\" data-hash=\"\"><div class=\"eedee-background-div bg-image\"><img loading=\"lazy\" width=\"1024\" height=\"1024\" class=\"swiper-lazy wp-image-1266\" src=\"https:\/\/www.cervejariaaltezza.com.br\/site\/wp-content\/uploads\/2023\/02\/Ipa_1080-1024x1024.png\" alt=\"\" style=\"object-fit: cover; object-position: 50% 50%;\"  data-title=\"Ipa_1080\" srcset=\"https:\/\/www.cervejariaaltezza.com.br\/site\/wp-content\/uploads\/2023\/02\/Ipa_1080-1024x1024.png 1024w, https:\/\/www.cervejariaaltezza.com.br\/site\/wp-content\/uploads\/2023\/02\/Ipa_1080-300x300.png 300w, https:\/\/www.cervejariaaltezza.com.br\/site\/wp-content\/uploads\/2023\/02\/Ipa_1080-150x150.png 150w, https:\/\/www.cervejariaaltezza.com.br\/site\/wp-content\/uploads\/2023\/02\/Ipa_1080-768x768.png 768w, https:\/\/www.cervejariaaltezza.com.br\/site\/wp-content\/uploads\/2023\/02\/Ipa_1080.png 1080w\" sizes=\"(max-width: 1024px) 100vw, 1024px\" \/><div class=\"eedee-background-div__overlay\" style=\"opacity:1;\"><\/div><\/div><div class=\"slide-content\">\n\n<p class=\"has-text-align-center gutenslider-content-initial has-larger-font-size\"><\/p>\n\n<\/div><\/div>\n\n<div class=\"swiper-slide wp-block-eedee-block-gutenslide is-position-center-center ed-bg-image\" style=\"--ed-vw:300;--ed-vh:300;\" data-hash=\"\"><div class=\"eedee-background-div bg-image\"><img loading=\"lazy\" width=\"1024\" height=\"1024\" class=\"swiper-lazy wp-image-964\" src=\"https:\/\/www.cervejariaaltezza.com.br\/site\/wp-content\/uploads\/2022\/11\/ipa-1024x1024.png\" alt=\"\" style=\"object-fit: cover; object-position: 50% 50%;\"  data-title=\"ipa\" srcset=\"https:\/\/www.cervejariaaltezza.com.br\/site\/wp-content\/uploads\/2022\/11\/ipa-1024x1024.png 1024w, https:\/\/www.cervejariaaltezza.com.br\/site\/wp-content\/uploads\/2022\/11\/ipa-300x300.png 300w, https:\/\/www.cervejariaaltezza.com.br\/site\/wp-content\/uploads\/2022\/11\/ipa-150x150.png 150w, https:\/\/www.cervejariaaltezza.com.br\/site\/wp-content\/uploads\/2022\/11\/ipa-768x768.png 768w, https:\/\/www.cervejariaaltezza.com.br\/site\/wp-content\/uploads\/2022\/11\/ipa.png 1080w\" sizes=\"(max-width: 1024px) 100vw, 1024px\" \/><div class=\"eedee-background-div__overlay\" style=\"opacity:1;\"><\/div><\/div><div class=\"slide-content\">\n\n<p class=\"has-text-align-center gutenslider-content-initial has-larger-font-size\"><\/p>\n\n<\/div><\/div>\n<\/div><\/div><button class=\"eedee-gutenslider-nav eedee-gutenslider-prev\"><svg xmlns=\"http:\/\/www.w3.org\/2000\/svg\" viewBox=\"0 0 24 24\" width=\"24\" height=\"24\"><circle class=\"bg\" cx=\"13\" cy=\"12\" r=\"11\" \/><path fill=\"none\" d=\"M0 0h24v24H0z\"\/><path class=\"arrow\" d=\"M10.828 12l4.95 4.95-1.414 1.414L8 12l6.364-6.364 1.414 1.414z\"\/><\/svg><\/button><button class=\"eedee-gutenslider-nav eedee-gutenslider-next\"><svg xmlns=\"http:\/\/www.w3.org\/2000\/svg\" viewBox=\"0 0 24 24\" width=\"24\" height=\"24\"><circle class=\"bg\" cx=\"11\" cy=\"12\" r=\"11\" \/><path fill=\"none\" d=\"M0 0h24v24H0z\"\/><path class=\"arrow\" d=\"M13.172 12l-4.95-4.95 1.414-1.414L16 12l-6.364 6.364-1.414-1.414z\"\/><\/svg><\/button><div class=\"eedee-gutenslider-pagination\"><\/div><\/div><div class=\"gutenslider-divider-bottom \" style=\"color:#fff; height:60px;\"><\/div><\/div><\/div>\n\n\n\n<div class=\"wp-container-3 wp-block-column is-vertically-aligned-center\">\n<h3 class=\"has-text-align-left has-neve-link-hover-color-color has-text-color\">Cerveja Artesanal Ipa<\/h3>\n\n\n\n<p>Cerveja de origem inglesa, criada no fim do s\u00e9culo XVIII. \u00c9 uma varia\u00e7\u00e3o da Pale Ale que recebeu carga extra de l\u00fapulo para resistir \u00e0 viagem de navio a vela, que durava quatro meses entre a Inglaterra e a \u00cdndia. Elaborada com quatro tipos de malte e seis variedades de l\u00fapulo, que proporcionam equil\u00edbrio e complexidade entre o malte adocicado e o amargor intenso do l\u00fapulo. Sua cor \u00e9 \u00e2mbar levemente alaranjada, possui aromas e sabores persistentes. Consumir entre 4 e 7 \u00baC.<\/p>\n\n\n\n<p><mark style=\"background-color:rgba(0, 0, 0, 0)\" class=\"has-inline-color has-neve-link-hover-color-color\"><strong>Fornecida em garrafas de 600ml.<\/strong><\/mark><\/p>\n\n\n\n<p><mark style=\"background-color:rgba(0, 0, 0, 0)\" class=\"has-inline-color has-nv-c-1-color\">Estilo Ingl\u00eas &#8211; Tipo Ale &#8211; Alto Amargor &#8211; Teor alco\u00f3lico 6,6% VOL<\/mark><\/p>\n<\/div>\n<\/div>\n\n\n\n<div style=\"height:100px\" aria-hidden=\"true\" class=\"wp-block-spacer\"><\/div>\n\n\n\n<div class=\"wp-container-13 wp-block-columns alignfull\">\n<div class=\"wp-container-8 wp-block-column\">\n<div class=\"wp-block-cover is-light card-padding\" style=\"min-height:360px\"><span aria-hidden=\"true\" class=\"wp-block-cover__background has-background-dim-30 has-background-dim\"><\/span><img loading=\"lazy\" width=\"960\" height=\"520\" class=\"wp-block-cover__image-background wp-image-73\" alt=\"\" src=\"https:\/\/www.cervejariaaltezza.com.br\/site\/wp-content\/uploads\/2022\/08\/card-site-cerveja-1.jpg\" data-object-fit=\"cover\" srcset=\"https:\/\/www.cervejariaaltezza.com.br\/site\/wp-content\/uploads\/2022\/08\/card-site-cerveja-1.jpg 960w, https:\/\/www.cervejariaaltezza.com.br\/site\/wp-content\/uploads\/2022\/08\/card-site-cerveja-1-300x163.jpg 300w, https:\/\/www.cervejariaaltezza.com.br\/site\/wp-content\/uploads\/2022\/08\/card-site-cerveja-1-768x416.jpg 768w\" sizes=\"(max-width: 960px) 100vw, 960px\" \/><div class=\"wp-block-cover__inner-container\"><div class=\"wp-block-image\">\n<figure class=\"alignright size-full is-resized\"><img loading=\"lazy\" src=\"https:\/\/www.cervejariaaltezza.com.br\/site\/wp-content\/uploads\/2023\/04\/logo_altezza2.png\" alt=\"\" class=\"wp-image-1535\" width=\"85\" height=\"52\" srcset=\"https:\/\/www.cervejariaaltezza.com.br\/site\/wp-content\/uploads\/2023\/04\/logo_altezza2.png 938w, https:\/\/www.cervejariaaltezza.com.br\/site\/wp-content\/uploads\/2023\/04\/logo_altezza2-300x183.png 300w, https:\/\/www.cervejariaaltezza.com.br\/site\/wp-content\/uploads\/2023\/04\/logo_altezza2-768x468.png 768w, https:\/\/www.cervejariaaltezza.com.br\/site\/wp-content\/uploads\/2023\/04\/logo_altezza2-930x572.png 930w\" sizes=\"(max-width: 85px) 100vw, 85px\" \/><\/figure><\/div>\n\n\n<p class=\"has-neve-link-hover-color-color has-text-color\">Cervejaria Artesanal<\/p>\n\n\n\n<h3 class=\"has-nv-site-bg-color has-text-color\">Venha experimentar a melhor \u200ecerveja das Montanhas Capixabas<\/h3>\n\n\n\n<div class=\"wp-container-7 wp-block-columns\">\n<div class=\"wp-container-6 wp-block-column\" style=\"flex-basis:100%\">\n<div class=\"wp-container-5 wp-block-buttons\">\n<div class=\"wp-block-button is-style-primary\"><a class=\"wp-block-button__link\" href=\"https:\/\/www.cervejariaaltezza.com.br\/site\/cervejaria-altezza\/\">Saiba mais &gt;<\/a><\/div>\n<\/div>\n<\/div>\n<\/div>\n<\/div><\/div>\n<\/div>\n\n\n\n<div class=\"wp-container-10 wp-block-column\">\n<div class=\"wp-block-cover card-padding\" style=\"min-height:360px\"><span aria-hidden=\"true\" class=\"wp-block-cover__background has-background-dim-30 has-background-dim\"><\/span><img loading=\"lazy\" width=\"960\" height=\"520\" class=\"wp-block-cover__image-background wp-image-97\" alt=\"\" src=\"https:\/\/www.cervejariaaltezza.com.br\/site\/wp-content\/uploads\/2022\/08\/card-site-restaurante2.jpg\" data-object-fit=\"cover\" srcset=\"https:\/\/www.cervejariaaltezza.com.br\/site\/wp-content\/uploads\/2022\/08\/card-site-restaurante2.jpg 960w, https:\/\/www.cervejariaaltezza.com.br\/site\/wp-content\/uploads\/2022\/08\/card-site-restaurante2-300x163.jpg 300w, https:\/\/www.cervejariaaltezza.com.br\/site\/wp-content\/uploads\/2022\/08\/card-site-restaurante2-768x416.jpg 768w\" sizes=\"(max-width: 960px) 100vw, 960px\" \/><div class=\"wp-block-cover__inner-container\"><div class=\"wp-block-image\">\n<figure class=\"alignright size-full is-resized\"><img loading=\"lazy\" src=\"https:\/\/www.cervejariaaltezza.com.br\/site\/wp-content\/uploads\/2023\/01\/logo-via-olivari-edited.png\" alt=\"\" class=\"wp-image-1218\" width=\"100\" height=\"55\" srcset=\"https:\/\/www.cervejariaaltezza.com.br\/site\/wp-content\/uploads\/2023\/01\/logo-via-olivari-edited.png 350w, https:\/\/www.cervejariaaltezza.com.br\/site\/wp-content\/uploads\/2023\/01\/logo-via-olivari-edited-300x169.png 300w\" sizes=\"(max-width: 100px) 100vw, 100px\" \/><\/figure><\/div>\n\n\n<p class=\"has-text-align-left has-neve-link-hover-color-color has-text-color\">Restaurante <\/p>\n\n\n\n<h3 class=\"has-nv-site-bg-color has-text-color\">Venha experimentar a culin\u00e1ria t\u00edpica do Espa\u00e7o Via Olivari<\/h3>\n\n\n\n<div class=\"wp-container-9 wp-block-buttons\">\n<div class=\"wp-block-button is-style-primary\"><a class=\"wp-block-button__link\" href=\"https:\/\/www.cervejariaaltezza.com.br\/site\/restaurante-altezza\/\">Saiba mais &gt;<\/a><\/div>\n<\/div>\n<\/div><\/div>\n<\/div>\n\n\n\n<div class=\"wp-container-12 wp-block-column\">\n<div class=\"wp-block-cover card-padding\" style=\"min-height:360px\"><span aria-hidden=\"true\" class=\"wp-block-cover__background has-background-dim-60 has-background-dim\"><\/span><img loading=\"lazy\" width=\"960\" height=\"520\" class=\"wp-block-cover__image-background wp-image-475\" alt=\"\" src=\"https:\/\/www.cervejariaaltezza.com.br\/site\/wp-content\/uploads\/2022\/09\/card-site-pousada02092022.jpg\" data-object-fit=\"cover\" srcset=\"https:\/\/www.cervejariaaltezza.com.br\/site\/wp-content\/uploads\/2022\/09\/card-site-pousada02092022.jpg 960w, https:\/\/www.cervejariaaltezza.com.br\/site\/wp-content\/uploads\/2022\/09\/card-site-pousada02092022-300x163.jpg 300w, https:\/\/www.cervejariaaltezza.com.br\/site\/wp-content\/uploads\/2022\/09\/card-site-pousada02092022-768x416.jpg 768w\" sizes=\"(max-width: 960px) 100vw, 960px\" \/><div class=\"wp-block-cover__inner-container\"><div class=\"wp-block-image\">\n<figure class=\"alignright size-full is-resized\"><img loading=\"lazy\" src=\"https:\/\/www.cervejariaaltezza.com.br\/site\/wp-content\/uploads\/2023\/01\/logo-via-olivari-edited.png\" alt=\"\" class=\"wp-image-1218\" width=\"100\" height=\"55\" srcset=\"https:\/\/www.cervejariaaltezza.com.br\/site\/wp-content\/uploads\/2023\/01\/logo-via-olivari-edited.png 350w, https:\/\/www.cervejariaaltezza.com.br\/site\/wp-content\/uploads\/2023\/01\/logo-via-olivari-edited-300x169.png 300w\" sizes=\"(max-width: 100px) 100vw, 100px\" \/><\/figure><\/div>\n\n\n<p class=\"has-text-align-left has-neve-link-hover-color-color has-text-color\">Pousada<\/p>\n\n\n\n<h3 class=\"has-nv-site-bg-color has-text-color\">Venha conhecer a Pousada Via Olivari<\/h3>\n\n\n\n<div class=\"wp-container-11 wp-block-buttons\">\n<div class=\"wp-block-button is-style-primary\"><a class=\"wp-block-button__link\" href=\"https:\/\/www.cervejariaaltezza.com.br\/site\/pousada-altezza\/\">Saiba mais &gt;<\/a><\/div>\n<\/div>\n<\/div><\/div>\n<\/div>\n<\/div>\n\n\n\n<div style=\"height:50px\" aria-hidden=\"true\" class=\"wp-block-spacer\"><\/div>\n<\/div><\/div>\n","protected":false},"excerpt":{"rendered":"","protected":false},"author":1,"featured_media":905,"parent":0,"menu_order":0,"comment_status":"closed","ping_status":"closed","template":"","meta":{"neve_meta_sidebar":"","neve_meta_container":"default","neve_meta_enable_content_width":"on","neve_meta_content_width":90,"neve_meta_title_alignment":"","neve_meta_author_avatar":"","neve_post_elements_order":"","neve_meta_disable_header":"off","neve_meta_disable_footer":"off","neve_meta_disable_title":"on","neve_meta_reading_time":"","_ti_tpc_template_sync":false,"_ti_tpc_template_id":"","_joinchat":[]},"featured_image_urls":{"full":["https:\/\/www.cervejariaaltezza.com.br\/site\/wp-content\/uploads\/2022\/09\/Altezza-Evento-ao-vivo-1080.jpg",1080,1080,false],"thumbnail":["https:\/\/www.cervejariaaltezza.com.br\/site\/wp-content\/uploads\/2022\/09\/Altezza-Evento-ao-vivo-1080-150x150.jpg",150,150,true],"medium":["https:\/\/www.cervejariaaltezza.com.br\/site\/wp-content\/uploads\/2022\/09\/Altezza-Evento-ao-vivo-1080-300x300.jpg",300,300,true],"medium_large":["https:\/\/www.cervejariaaltezza.com.br\/site\/wp-content\/uploads\/2022\/09\/Altezza-Evento-ao-vivo-1080-768x768.jpg",768,768,true],"large":["https:\/\/www.cervejariaaltezza.com.br\/site\/wp-content\/uploads\/2022\/09\/Altezza-Evento-ao-vivo-1080-1024x1024.jpg",1024,1024,true],"xl":["https:\/\/www.cervejariaaltezza.com.br\/site\/wp-content\/uploads\/2022\/09\/Altezza-Evento-ao-vivo-1080.jpg",1080,1080,false],"xxl":["https:\/\/www.cervejariaaltezza.com.br\/site\/wp-content\/uploads\/2022\/09\/Altezza-Evento-ao-vivo-1080.jpg",1080,1080,false],"xxxl":["https:\/\/www.cervejariaaltezza.com.br\/site\/wp-content\/uploads\/2022\/09\/Altezza-Evento-ao-vivo-1080.jpg",1080,1080,false],"xxxxl":["https:\/\/www.cervejariaaltezza.com.br\/site\/wp-content\/uploads\/2022\/09\/Altezza-Evento-ao-vivo-1080.jpg",1080,1080,false],"xxxxxl":["https:\/\/www.cervejariaaltezza.com.br\/site\/wp-content\/uploads\/2022\/09\/Altezza-Evento-ao-vivo-1080.jpg",1080,1080,false],"1536x1536":["https:\/\/www.cervejariaaltezza.com.br\/site\/wp-content\/uploads\/2022\/09\/Altezza-Evento-ao-vivo-1080.jpg",1080,1080,false],"2048x2048":["https:\/\/www.cervejariaaltezza.com.br\/site\/wp-content\/uploads\/2022\/09\/Altezza-Evento-ao-vivo-1080.jpg",1080,1080,false],"neve-blog":["https:\/\/www.cervejariaaltezza.com.br\/site\/wp-content\/uploads\/2022\/09\/Altezza-Evento-ao-vivo-1080-930x620.jpg",930,620,true]},"post_excerpt_stackable":"<p>Ipa Cervejaria Altezza Cerveja Artesanal Ipa Cerveja de origem inglesa, criada no fim do s\u00e9culo XVIII. \u00c9 uma varia\u00e7\u00e3o da Pale Ale que recebeu carga extra de l\u00fapulo para resistir \u00e0 viagem de navio a vela, que durava quatro meses entre a Inglaterra e a \u00cdndia. Elaborada com quatro tipos de malte e seis variedades de l\u00fapulo, que proporcionam equil\u00edbrio e complexidade entre o malte adocicado e o amargor intenso do l\u00fapulo. Sua cor \u00e9 \u00e2mbar levemente alaranjada, possui aromas e sabores persistentes. Consumir entre 4 e 7 \u00baC. Fornecida em garrafas de 600ml. Estilo Ingl\u00eas &#8211; Tipo Ale &#8211;&hellip;<\/p>\n","category_list":"","author_info":{"name":"admin_altezza","url":"https:\/\/www.cervejariaaltezza.com.br\/site\/author\/admin_altezza\/"},"comments_num":"0 comments","_links":{"self":[{"href":"https:\/\/www.cervejariaaltezza.com.br\/site\/wp-json\/wp\/v2\/pages\/977"}],"collection":[{"href":"https:\/\/www.cervejariaaltezza.com.br\/site\/wp-json\/wp\/v2\/pages"}],"about":[{"href":"https:\/\/www.cervejariaaltezza.com.br\/site\/wp-json\/wp\/v2\/types\/page"}],"author":[{"embeddable":true,"href":"https:\/\/www.cervejariaaltezza.com.br\/site\/wp-json\/wp\/v2\/users\/1"}],"replies":[{"embeddable":true,"href":"https:\/\/www.cervejariaaltezza.com.br\/site\/wp-json\/wp\/v2\/comments?post=977"}],"version-history":[{"count":0,"href":"https:\/\/www.cervejariaaltezza.com.br\/site\/wp-json\/wp\/v2\/pages\/977\/revisions"}],"wp:featuredmedia":[{"embeddable":true,"href":"https:\/\/www.cervejariaaltezza.com.br\/site\/wp-json\/wp\/v2\/media\/905"}],"wp:attachment":[{"href":"https:\/\/www.cervejariaaltezza.com.br\/site\/wp-json\/wp\/v2\/media?parent=977"}],"curies":[{"name":"wp","href":"https:\/\/api.w.org\/{rel}","templated":true}]}}